{"id":174,"date":"2020-07-28T18:47:35","date_gmt":"2020-07-28T16:47:35","guid":{"rendered":"http:\/\/cspm-assurances.com\/?page_id=174"},"modified":"2023-01-24T18:09:21","modified_gmt":"2023-01-24T17:09:21","slug":"mentions-legales","status":"publish","type":"page","link":"https:\/\/cspm-assurances.com\/index.php\/mentions-legales\/","title":{"rendered":"Mentions L\u00e9gales"},"content":{"rendered":"<p>[et_pb_section fb_built=\u00a0\u00bb1&Prime; _builder_version=\u00a0\u00bb4.16&Prime; _module_preset=\u00a0\u00bbdefault\u00a0\u00bb global_colors_info=\u00a0\u00bb{}\u00a0\u00bb][et_pb_row _builder_version=\u00a0\u00bb4.16&Prime; _module_preset=\u00a0\u00bbdefault\u00a0\u00bb global_colors_info=\u00a0\u00bb{}\u00a0\u00bb][et_pb_column type=\u00a0\u00bb4_4&Prime; _builder_version=\u00a0\u00bb4.16&Prime; _module_preset=\u00a0\u00bbdefault\u00a0\u00bb global_colors_info=\u00a0\u00bb{}\u00a0\u00bb][et_pb_text _builder_version=\u00a0\u00bb4.16&Prime; _module_preset=\u00a0\u00bbdefault\u00a0\u00bb global_colors_info=\u00a0\u00bb{}\u00a0\u00bb]<\/p>\n<h1><strong>Mentions L\u00e9gales<\/strong><\/h1>\n<p>[\/et_pb_text][et_pb_text _builder_version=\u00a0\u00bb4.19.4&Prime; _module_preset=\u00a0\u00bbdefault\u00a0\u00bb link_text_color=\u00a0\u00bbrgba(0,0,0,0.74)\u00a0\u00bb hover_enabled=\u00a0\u00bb0&Prime; global_colors_info=\u00a0\u00bb{}\u00a0\u00bb sticky_enabled=\u00a0\u00bb0&Prime;]<\/p>\n<p>Le groupe CSPM s\u2019engage \u00e0 respecter les obligations du droit fran\u00e7ais.<br \/>Ce site a \u00e9t\u00e9 \u00e9dit\u00e9 et r\u00e9dig\u00e9\u00a0par Mr Floyd Sellem en qualit\u00e9 de g\u00e9rant et propri\u00e9taire de la soci\u00e9t\u00e9 \u201cCSPM\u201d.<br \/>Si\u00e8ge Social :\u00a05 rue du Ruisseau 75018 Paris.<br \/>Num\u00e9ro de t\u00e9l\u00e9phone :\u00a001 42 52 60 00<br \/>Adresse e-mail :\u00a0<a href=\"mailto:contact@cspm.fr\">contact@cspm.fr<\/a><br \/>La soci\u00e9t\u00e9 est immatricul\u00e9e sous le num\u00e9ro de SIREN :\u00a0847 718 244\u00a0RCS \u00e0 Paris.<br \/>Code NAF :\u00a0Activit\u00e9s des agents et courtiers d\u2019assurances (6622Z)<br \/>Courtier en assurance immatricul\u00e9 \u00e0 L\u2019Orias : sous le num\u00e9ro : 19001537\u00a0<a rel=\"noreferrer noopener\" href=\"http:\/\/www.orias.fr\/\" target=\"_blank\">www.orias.fr\u00a0(site librement accessible\u00a0au public)<\/a><br \/>garantie financi\u00e8re et une assurance de responsabilit\u00e9 civile professionnelle conforme au code des assurances aupr\u00e8s de \u201cQBE EUROPE\u201d via le courtier grossiste \u201cAPRIL\u201d.<br \/>Soumis au contr\u00f4le ACPR \u2013\u00a0<a rel=\"noreferrer noopener\" href=\"https:\/\/acpr.banque-france.fr-\/\" target=\"_blank\">https:\/\/acpr.banque-france.fr-<\/a><br \/>4 Place de Budapest, 75436 Paris.<\/p>\n<p>Conform\u00e9ment \u00e0 la loi n\u00b02021-402 du 8 avril 2021 relative \u00e0 la r\u00e9forme du courtage de l&rsquo;assurance et du courtage en op\u00e9rations de banque et en services de paiement, le GROUPE CSPM Assurances et cr\u00e9dits est membre de l&rsquo;association Endya\u00a0<a href=\"https:\/\/www.endya.fr\">https:\/\/www.endya.fr<\/a><\/p>\n<div class=\"page\" title=\"Page 1\">\n<div class=\"layoutArea\">\n<div class=\"column\">\n<p><span>Le Me\u0301diateur choisi par l\u2019Association au titre de l\u2019activite\u0301 Courtier d\u2019assurance et de re\u0301assurance, est : La Me\u0301diation de l\u2019Assurance &#8211; Po\u0302le CSCA TSA 50110 &#8211; 75441 Paris Cedex 09 &#8211; Email : le.mediateur@mediation-assurance.org<\/span><\/p>\n<p><span>Le Me\u0301diateur choisi par l\u2019Association au titre de l\u2019activite\u0301 Mandataire d&rsquo;interme\u0301diaire en ope\u0301rations de banque et en services de paiement, est : ANM CONSO &#8211; 2 rue de Colmar &#8211; 94300 Vincennes<\/span><\/p>\n<\/div>\n<\/div>\n<\/div>\n<p>\u200b<br \/>Vous avez la possibilit\u00e9 de nous adresser vos r\u00e9clamations directement sur notre site Internet en cliquant sur l\u2019onglet \u00ab\u00a0r\u00e9clamation\u00a0\u00bb ou par mail \u00e0 l\u2019adresse :<br \/><a href=\"mailto:reclamation@cspm.fr\">reclamation@cspm.fr<\/a><br \/>Vous avez \u00e9galement la possibilit\u00e9 de nous adresser vos r\u00e9clamations par courtier \u00e0 l\u2019adresse indiqu\u00e9e ci-dessous :<br \/>5 Rue du ruisseau, 75018 Paris.<br \/>\u200b<br \/>Les informations recueillies\u00a0de\u00a0ce site Internet via les diff\u00e9rents questionnaires\u00a0font l\u2019objet d\u2019un traitement informatis\u00e9 et sont retransmis par e-mail au directeur de la publication Mr Floyd Sellem.<br \/>Ces informations sont destin\u00e9s exclusivement dans le cadre du traitement de vos demandes\u00a0(r\u00e9clamations, demandes d\u2019aide \u00e0 une assistance t\u00e9l\u00e9phonique,\u00a0demandes d\u2019inscription \u00e0 nos Newsletter afin que nous puissions vous informer de nos nouveaut\u00e9s, nos offres sp\u00e9ciales), ou encore\u00a0\u00e0 la tarification de vos devis personnalis\u00e9es; C\u2019est pourquoi les informations que vous nous transmettez seront communiqu\u00e9s \u00e0 nos partenaires commerciaux ou compagnies d\u2019assurances.<br \/>\u200b<br \/>Chacune des informations qui nous sont adress\u00e9s doivent \u00eatre v\u00e9rifi\u00e9s de leur exactitude par l\u2019utilisateur avant l\u2019envoi.<br \/>\u200b<br \/>Notre site Internet est h\u00e9berg\u00e9 chez OVH, 2 rue Kellermann \u2013 59100 Roubaix \u2013 France<br \/>Conform\u00e9ment \u00e0 la loi :\u00a0n\u00b0 78-17 du 6 janvier 1978\u00a0modifi\u00e9e en 2004,\u00a0relative \u00e0 l\u2019informatique, aux fichiers et aux libert\u00e9s;<br \/>Vous avez la possibilit\u00e9 de modifier, rectifier ou demander la suppression des informations que vous nous avez communiqu\u00e9es via ce site Internet.<br \/>Si vous ne souhaitez pas \u00eatre recontact\u00e9, annulez votre demande\u00a0ou si vous souhaitez modifier \/ rectifier\u00a0ou demander la suppression des\u00a0informations que vous nous avez communiqu\u00e9 pr\u00e9alablement\u00a0, veuillez nous l\u2019indiquer \u00c0 l\u2019adresse E-mail suivante :<br \/><a href=\"mailto:contact@cspm.fr\">contact@cspm.fr<\/a><br \/>\u200b<br \/>Les informations que vous trouverez sur ce site internet sont susceptibles d\u2019\u00eatre modifi\u00e9es \u00e0 tout moment sans que nous ayons l\u2019obligation de vous en informer.<br \/>Toute indications tarifaires ou promotions\u00a0affich\u00e9es sur ce site\u00a0sont sous r\u00e9serve d\u2019acceptation du dossier.<br \/>Nous invitons les internautes de notre site \u00e0 consulter r\u00e9guli\u00e8rement les conditions g\u00e9n\u00e9rales d\u2019utilisation.<br \/>\u200b<br \/>\u200bVous avez la possibilit\u00e9 d\u2019obtenir la liste de nos partenaires commerciaux ou compagnies d\u2019assurances en nous adressant votre demande par courtier \u00e0 l\u2019adresse indiqu\u00e9e ci-dessus.<\/p>\n<p>Toutes les informations\u00a0indiqu\u00e9es ou affich\u00e9es\u00a0sur notre\u00a0site internet\u00a0sont<br \/>approximatives, totalement incomplet;\u00a0ne valent et\u00a0ne vous exon\u00e8rent\u00a0en aucun cas des conseils d\u2019un professionnel en assurances.<br \/>Pour obtenir plus d\u2019informations et de conseils concernant nos diff\u00e9rents produits, vous avez la possibilit\u00e9 sur notre site Internet de cliquer sur les boutons qui vous sont mis \u00e0 disposition ex:\u00a0\u00ab\u00a0en savoir plus\u00a0\u00bb, \u00ab\u00a0contacter directement un conseiller\u00a0\u00bb,<br \/>\u00abbesoin d\u2019aide\u00a0\u00bb Etc..<br \/>Ce type de\u00a0bouton\u00a0vous permet directement d\u2019appeler un professionnel en assurance qui pourra vous fournir plus d\u2019informations et de conseils.<br \/>Vous avez \u00e9galement la possibilit\u00e9 de nous contactez par e-mail \u201ccontact@cspm.fr\u201d.<br \/>\u200b<br \/>Politique de cookies<\/p>\n<p>Notre site internet utilise Google adwords et Google Analytics afin de le promouvoir, d\u2019optimiser les pages en fonction de la demande des clients et de faciliter l\u2019acc\u00e8s \u00e0 nos internautes.<br \/>Google adwords utilise un dispositif de cookies lui permettant de r\u00e9aliser nos statistiques, cela nous permet de visualiser le nombre de personnes cliquant sur notre annonce.<br \/>Conditions relatives au traitement des donn\u00e9es : https:\/\/support.google.com\/analytics\/answer\/3379636?hl=fr&amp;utm_id=ad<br \/>Une bande appara\u00eet en bas\u00a0de votre\u00a0\u00e9cran d\u00e8s lors que vous p\u00e9n\u00e9trer sur ce site, afin de vous informer que nous utilisons des cookies que vous avez la possibilit\u00e9 d\u2019accepter ou de refuser.<br \/>\u200b<br \/>En vertu de l\u2019article L335-3 du Code de la Propri\u00e9t\u00e9 Intellectuelle, toute reproduction (partielle ou int\u00e9grale), repr\u00e9sentation ou diffusion, par quelque moyen que ce soit sans autorisation au pr\u00e9alable est formellement interdite..<\/p>\n<p>[\/et_pb_text][\/et_pb_column][\/et_pb_row][\/et_pb_section]<\/p>\n","protected":false},"excerpt":{"rendered":"<p>Mentions L\u00e9galesLe groupe CSPM s\u2019engage \u00e0 respecter les obligations du droit fran\u00e7ais.Ce site a \u00e9t\u00e9 \u00e9dit\u00e9 et r\u00e9dig\u00e9\u00a0par Mr Floyd Sellem en qualit\u00e9 de g\u00e9rant et propri\u00e9taire de la soci\u00e9t\u00e9 \u201cCSPM\u201d.Si\u00e8ge Social :\u00a05 rue du Ruisseau 75018 Paris.Num\u00e9ro de t\u00e9l\u00e9phone :\u00a001 42 52 60 00Adresse e-mail :\u00a0contact@cspm.frLa soci\u00e9t\u00e9 est immatricul\u00e9e sous le num\u00e9ro de SIREN [&hellip;]<\/p>\n","protected":false},"author":2,"featured_media":0,"parent":0,"menu_order":0,"comment_status":"closed","ping_status":"closed","template":"","meta":{"_et_pb_use_builder":"on","_et_pb_old_content":"","_et_gb_content_width":"","footnotes":""},"class_list":["post-174","page","type-page","status-publish","hentry"],"_links":{"self":[{"href":"https:\/\/cspm-assurances.com\/index.php\/wp-json\/wp\/v2\/pages\/174","targetHints":{"allow":["GET"]}}],"collection":[{"href":"https:\/\/cspm-assurances.com\/index.php\/wp-json\/wp\/v2\/pages"}],"about":[{"href":"https:\/\/cspm-assurances.com\/index.php\/wp-json\/wp\/v2\/types\/page"}],"author":[{"embeddable":true,"href":"https:\/\/cspm-assurances.com\/index.php\/wp-json\/wp\/v2\/users\/2"}],"replies":[{"embeddable":true,"href":"https:\/\/cspm-assurances.com\/index.php\/wp-json\/wp\/v2\/comments?post=174"}],"version-history":[{"count":2,"href":"https:\/\/cspm-assurances.com\/index.php\/wp-json\/wp\/v2\/pages\/174\/revisions"}],"predecessor-version":[{"id":5488,"href":"https:\/\/cspm-assurances.com\/index.php\/wp-json\/wp\/v2\/pages\/174\/revisions\/5488"}],"wp:attachment":[{"href":"https:\/\/cspm-assurances.com\/index.php\/wp-json\/wp\/v2\/media?parent=174"}],"curies":[{"name":"wp","href":"https:\/\/api.w.org\/{rel}","templated":true}]}}