{"id":4377,"date":"2022-08-06T03:26:15","date_gmt":"2022-08-06T01:26:15","guid":{"rendered":"https:\/\/cspm-assurances.com\/?page_id=4377"},"modified":"2022-08-06T03:31:10","modified_gmt":"2022-08-06T01:31:10","slug":"cspm-assurances-credits-laissez-vous-guider","status":"publish","type":"page","link":"https:\/\/cspm-assurances.com\/index.php\/cspm-assurances-credits-laissez-vous-guider\/","title":{"rendered":"CSPM Assurances &#038; Cr\u00e9dits &#8211; Laissez-vous guider !"},"content":{"rendered":"<p>[et_pb_section fb_built=\u00a0\u00bb1&Prime; _builder_version=\u00a0\u00bb4.16&Prime; _module_preset=\u00a0\u00bbdefault\u00a0\u00bb global_colors_info=\u00a0\u00bb{}\u00a0\u00bb locked=\u00a0\u00bboff\u00a0\u00bb][et_pb_row _builder_version=\u00a0\u00bb4.16&Prime; _module_preset=\u00a0\u00bbdefault\u00a0\u00bb global_colors_info=\u00a0\u00bb{}\u00a0\u00bb][et_pb_column type=\u00a0\u00bb4_4&Prime; _builder_version=\u00a0\u00bb4.16&Prime; _module_preset=\u00a0\u00bbdefault\u00a0\u00bb global_colors_info=\u00a0\u00bb{}\u00a0\u00bb][et_pb_text _builder_version=\u00a0\u00bb4.17.6&Prime; _module_preset=\u00a0\u00bbdefault\u00a0\u00bb text_font_size=\u00a0\u00bb25px\u00a0\u00bb custom_margin=\u00a0\u00bb-26px||||false|false\u00a0\u00bb hover_enabled=\u00a0\u00bb0&Prime; global_colors_info=\u00a0\u00bb{}\u00a0\u00bb sticky_enabled=\u00a0\u00bb0&Prime;]<\/p>\n<h2 style=\"text-align: center;\">Laissez-vous guider !<\/h2>\n<p>[\/et_pb_text][\/et_pb_column][\/et_pb_row][\/et_pb_section][et_pb_section fb_built=\u00a0\u00bb1&Prime; _builder_version=\u00a0\u00bb4.16&Prime; _module_preset=\u00a0\u00bbdefault\u00a0\u00bb custom_margin=\u00a0\u00bb-80px||||false|false\u00a0\u00bb global_colors_info=\u00a0\u00bb{}\u00a0\u00bb locked=\u00a0\u00bboff\u00a0\u00bb][et_pb_row column_structure=\u00a0\u00bb1_3,1_3,1_3&Prime; _builder_version=\u00a0\u00bb4.16&Prime; _module_preset=\u00a0\u00bbdefault\u00a0\u00bb global_colors_info=\u00a0\u00bb{}\u00a0\u00bb][et_pb_column type=\u00a0\u00bb1_3&Prime; _builder_version=\u00a0\u00bb4.16&Prime; _module_preset=\u00a0\u00bbdefault\u00a0\u00bb global_colors_info=\u00a0\u00bb{}\u00a0\u00bb][et_pb_blurb title=\u00a0\u00bbProfessionnels &#038; Entreprises\u00a0\u00bb url=\u00a0\u00bb@ET-DC@eyJkeW5hbWljIjp0cnVlLCJjb250ZW50IjoicG9zdF9saW5rX3VybF9wYWdlIiwic2V0dGluZ3MiOnsicG9zdF9pZCI6IjgzMCJ9fQ==@\u00a0\u00bb image=\u00a0\u00bbhttps:\/\/cspm-assurances.com\/wp-content\/uploads\/2020\/07\/insurance-36-1.png\u00a0\u00bb content_max_width=\u00a0\u00bb1100px\u00a0\u00bb _builder_version=\u00a0\u00bb4.16&Prime; _dynamic_attributes=\u00a0\u00bburl\u00a0\u00bb header_font=\u00a0\u00bb||||||||\u00a0\u00bb header_line_height=\u00a0\u00bb1.6em\u00a0\u00bb body_font=\u00a0\u00bbMontserrat|300|||||||\u00a0\u00bb body_font_size=\u00a0\u00bb16px\u00a0\u00bb body_line_height=\u00a0\u00bb2em\u00a0\u00bb background_color=\u00a0\u00bb#ffffff\u00a0\u00bb text_orientation=\u00a0\u00bbcenter\u00a0\u00bb custom_padding=\u00a0\u00bb30px|30px|30px|30px|true|true\u00a0\u00bb animation_style=\u00a0\u00bbzoom\u00a0\u00bb animation_intensity_zoom=\u00a0\u00bb10%\u00a0\u00bb animation=\u00a0\u00bboff\u00a0\u00bb border_radii=\u00a0\u00bbon|10px|10px|10px|10px\u00a0\u00bb box_shadow_style=\u00a0\u00bbpreset3&Prime; box_shadow_vertical=\u00a0\u00bb10px\u00a0\u00bb box_shadow_blur=\u00a0\u00bb80px\u00a0\u00bb box_shadow_spread=\u00a0\u00bb-10px\u00a0\u00bb box_shadow_color=\u00a0\u00bbrgba(44,54,92,0.2)\u00a0\u00bb locked=\u00a0\u00bboff\u00a0\u00bb global_colors_info=\u00a0\u00bb{}\u00a0\u00bb]<\/p>\n<p>Prot\u00e9gez votre activit\u00e9 professionnelle gr\u00e2ce a notre gamme compl\u00e8te d\u2019assurances&#8230;<\/p>\n<p>[\/et_pb_blurb][\/et_pb_column][et_pb_column type=\u00a0\u00bb1_3&Prime; _builder_version=\u00a0\u00bb4.16&Prime; _module_preset=\u00a0\u00bbdefault\u00a0\u00bb global_colors_info=\u00a0\u00bb{}\u00a0\u00bb][et_pb_blurb title=\u00a0\u00bbParticuliers\u00a0\u00bb url=\u00a0\u00bb@ET-DC@eyJkeW5hbWljIjp0cnVlLCJjb250ZW50IjoicG9zdF9saW5rX3VybF9wYWdlIiwic2V0dGluZ3MiOnsicG9zdF9pZCI6IjcxMCJ9fQ==@\u00a0\u00bb image=\u00a0\u00bbhttps:\/\/cspm-assurances.com\/wp-content\/uploads\/2020\/07\/insurance-09.png\u00a0\u00bb content_max_width=\u00a0\u00bb1100px\u00a0\u00bb _builder_version=\u00a0\u00bb4.16&Prime; _dynamic_attributes=\u00a0\u00bburl\u00a0\u00bb header_line_height=\u00a0\u00bb1.6em\u00a0\u00bb body_font=\u00a0\u00bbMontserrat|300|||||||\u00a0\u00bb body_font_size=\u00a0\u00bb16px\u00a0\u00bb body_line_height=\u00a0\u00bb2em\u00a0\u00bb background_color=\u00a0\u00bb#ffffff\u00a0\u00bb text_orientation=\u00a0\u00bbcenter\u00a0\u00bb custom_padding=\u00a0\u00bb30px|30px|30px|30px|true|true\u00a0\u00bb animation_style=\u00a0\u00bbzoom\u00a0\u00bb animation_delay=\u00a0\u00bb250ms\u00a0\u00bb animation_intensity_zoom=\u00a0\u00bb10%\u00a0\u00bb animation=\u00a0\u00bboff\u00a0\u00bb border_radii=\u00a0\u00bbon|10px|10px|10px|10px\u00a0\u00bb box_shadow_style=\u00a0\u00bbpreset3&Prime; box_shadow_vertical=\u00a0\u00bb10px\u00a0\u00bb box_shadow_blur=\u00a0\u00bb80px\u00a0\u00bb box_shadow_spread=\u00a0\u00bb-10px\u00a0\u00bb box_shadow_color=\u00a0\u00bbrgba(44,54,92,0.2)\u00a0\u00bb locked=\u00a0\u00bboff\u00a0\u00bb global_colors_info=\u00a0\u00bb{}\u00a0\u00bb]<\/p>\n<p>D\u00e9couvrez nos solutions pour particuliers et b\u00e9n\u00e9ficiez d\u2019avantages exclusifs&#8230;<\/p>\n<p>[\/et_pb_blurb][\/et_pb_column][et_pb_column type=\u00a0\u00bb1_3&Prime; _builder_version=\u00a0\u00bb4.16&Prime; _module_preset=\u00a0\u00bbdefault\u00a0\u00bb global_colors_info=\u00a0\u00bb{}\u00a0\u00bb][et_pb_blurb title=\u00a0\u00bbSant\u00e9 &#038; Pr\u00e9voyance\u00a0\u00bb image=\u00a0\u00bbhttps:\/\/cspm-assurances.com\/wp-content\/uploads\/2020\/07\/insurance-37-1.png\u00a0\u00bb content_max_width=\u00a0\u00bb1100px\u00a0\u00bb _builder_version=\u00a0\u00bb4.16&Prime; header_line_height=\u00a0\u00bb1.6em\u00a0\u00bb body_font=\u00a0\u00bbMontserrat|300|||||||\u00a0\u00bb body_font_size=\u00a0\u00bb16px\u00a0\u00bb body_line_height=\u00a0\u00bb2em\u00a0\u00bb background_color=\u00a0\u00bb#ffffff\u00a0\u00bb text_orientation=\u00a0\u00bbcenter\u00a0\u00bb custom_padding=\u00a0\u00bb30px|30px|30px|30px|true|true\u00a0\u00bb animation_style=\u00a0\u00bbzoom\u00a0\u00bb animation_delay=\u00a0\u00bb500ms\u00a0\u00bb animation_intensity_zoom=\u00a0\u00bb10%\u00a0\u00bb animation=\u00a0\u00bboff\u00a0\u00bb link_option_url=\u00a0\u00bbhttps:\/\/denpy-mutuelle-prevoyance.fr\u00a0\u00bb border_radii=\u00a0\u00bbon|10px|10px|10px|10px\u00a0\u00bb box_shadow_style=\u00a0\u00bbpreset3&Prime; box_shadow_vertical=\u00a0\u00bb10px\u00a0\u00bb box_shadow_blur=\u00a0\u00bb80px\u00a0\u00bb box_shadow_spread=\u00a0\u00bb-10px\u00a0\u00bb box_shadow_color=\u00a0\u00bbrgba(44,54,92,0.2)\u00a0\u00bb locked=\u00a0\u00bboff\u00a0\u00bb global_colors_info=\u00a0\u00bb{}\u00a0\u00bb]<\/p>\n<p>Avec le temps, vos besoins changent, nous vous conseillons de faire un bilan une fois par&#8230;<\/p>\n<p>[\/et_pb_blurb][\/et_pb_column][\/et_pb_row][\/et_pb_section][et_pb_section fb_built=\u00a0\u00bb1&Prime; _builder_version=\u00a0\u00bb4.16&Prime; _module_preset=\u00a0\u00bbdefault\u00a0\u00bb min_height=\u00a0\u00bb257px\u00a0\u00bb global_colors_info=\u00a0\u00bb{}\u00a0\u00bb][et_pb_row _builder_version=\u00a0\u00bb4.16&Prime; _module_preset=\u00a0\u00bbdefault\u00a0\u00bb global_colors_info=\u00a0\u00bb{}\u00a0\u00bb][et_pb_column type=\u00a0\u00bb4_4&Prime; _builder_version=\u00a0\u00bb4.16&Prime; _module_preset=\u00a0\u00bbdefault\u00a0\u00bb global_colors_info=\u00a0\u00bb{}\u00a0\u00bb][et_pb_text _builder_version=\u00a0\u00bb4.16&Prime; _module_preset=\u00a0\u00bbdefault\u00a0\u00bb text_font_size=\u00a0\u00bb17px\u00a0\u00bb header_2_font_size=\u00a0\u00bb25px\u00a0\u00bb text_font_size_tablet=\u00a0\u00bb\u00a0\u00bb text_font_size_phone=\u00a0\u00bb14px\u00a0\u00bb text_font_size_last_edited=\u00a0\u00bbon|phone\u00a0\u00bb header_font_size_tablet=\u00a0\u00bb\u00a0\u00bb header_font_size_phone=\u00a0\u00bb30px\u00a0\u00bb header_font_size_last_edited=\u00a0\u00bbon|phone\u00a0\u00bb global_colors_info=\u00a0\u00bb{}\u00a0\u00bb]<\/p>\n<h2 style=\"text-align: center;\"><strong>Vous avez besoin d\u2019aide ?<\/strong><\/h2>\n<p><strong><\/strong><\/p>\n<p style=\"text-align: center;\">Nous sommes l\u00e0 pour vous aider !<\/p>\n<p>[\/et_pb_text][\/et_pb_column][\/et_pb_row][\/et_pb_section][et_pb_section fb_built=\u00a0\u00bb1&Prime; _builder_version=\u00a0\u00bb4.16&Prime; _module_preset=\u00a0\u00bbdefault\u00a0\u00bb custom_margin=\u00a0\u00bb-69px|||||\u00a0\u00bb custom_padding=\u00a0\u00bb34px|||||\u00a0\u00bb global_colors_info=\u00a0\u00bb{}\u00a0\u00bb][et_pb_row column_structure=\u00a0\u00bb1_3,1_3,1_3&Prime; _builder_version=\u00a0\u00bb4.16&Prime; _module_preset=\u00a0\u00bbdefault\u00a0\u00bb global_colors_info=\u00a0\u00bb{}\u00a0\u00bb][et_pb_column type=\u00a0\u00bb1_3&Prime; _builder_version=\u00a0\u00bb4.16&Prime; _module_preset=\u00a0\u00bbdefault\u00a0\u00bb global_colors_info=\u00a0\u00bb{}\u00a0\u00bb][et_pb_blurb title=\u00a0\u00bbAppeler un conseiller\u00a0\u00bb use_icon=\u00a0\u00bbon\u00a0\u00bb font_icon=\u00a0\u00bb&#xe090;||divi||400&Prime; icon_color=\u00a0\u00bb#1c7afe\u00a0\u00bb content_max_width=\u00a0\u00bb1100px\u00a0\u00bb _builder_version=\u00a0\u00bb4.17.6&Prime; header_font=\u00a0\u00bb|700|||||||\u00a0\u00bb header_font_size=\u00a0\u00bb19px\u00a0\u00bb header_line_height=\u00a0\u00bb1.6em\u00a0\u00bb body_font=\u00a0\u00bbMontserrat||||||||\u00a0\u00bb body_line_height=\u00a0\u00bb1.8em\u00a0\u00bb background_color=\u00a0\u00bb#ffffff\u00a0\u00bb text_orientation=\u00a0\u00bbcenter\u00a0\u00bb custom_padding=\u00a0\u00bb30px|30px|30px|30px|true|true\u00a0\u00bb animation_style=\u00a0\u00bbzoom\u00a0\u00bb animation_intensity_zoom=\u00a0\u00bb10%\u00a0\u00bb animation=\u00a0\u00bboff\u00a0\u00bb link_option_url=\u00a0\u00bbtel:+33142526000&Prime; border_radii=\u00a0\u00bbon|10px|10px|10px|10px\u00a0\u00bb box_shadow_style=\u00a0\u00bbpreset3&Prime; box_shadow_vertical=\u00a0\u00bb10px\u00a0\u00bb box_shadow_blur=\u00a0\u00bb80px\u00a0\u00bb box_shadow_spread=\u00a0\u00bb-10px\u00a0\u00bb box_shadow_color=\u00a0\u00bbrgba(44,54,92,0.2)\u00a0\u00bb locked=\u00a0\u00bboff\u00a0\u00bb global_colors_info=\u00a0\u00bb{}\u00a0\u00bb]<\/p>\n<p>Nous sommes \u00e0 votre \u00e9coute du lundi au vendredi de 9h30 \u00e0 20h30<\/p>\n<p><a href=\"tel:+33142526000\"><strong>01 42 52 60 00<\/strong><\/a><\/p>\n<p>[\/et_pb_blurb][\/et_pb_column][et_pb_column type=\u00a0\u00bb1_3&Prime; _builder_version=\u00a0\u00bb4.16&Prime; _module_preset=\u00a0\u00bbdefault\u00a0\u00bb global_colors_info=\u00a0\u00bb{}\u00a0\u00bb][et_pb_blurb title=\u00a0\u00bbChattez avec un expert\u00a0\u00bb use_icon=\u00a0\u00bbon\u00a0\u00bb font_icon=\u00a0\u00bb&#x77;||divi||400&Prime; icon_color=\u00a0\u00bb#1c7afe\u00a0\u00bb content_max_width=\u00a0\u00bb1100px\u00a0\u00bb _builder_version=\u00a0\u00bb4.17.6&Prime; header_font=\u00a0\u00bb|700|||||||\u00a0\u00bb header_font_size=\u00a0\u00bb19px\u00a0\u00bb header_line_height=\u00a0\u00bb1.6em\u00a0\u00bb body_font=\u00a0\u00bbMontserrat||||||||\u00a0\u00bb body_line_height=\u00a0\u00bb1.8em\u00a0\u00bb background_color=\u00a0\u00bb#ffffff\u00a0\u00bb text_orientation=\u00a0\u00bbcenter\u00a0\u00bb custom_padding=\u00a0\u00bb30px|30px|30px|30px|true|true\u00a0\u00bb animation_style=\u00a0\u00bbzoom\u00a0\u00bb animation_intensity_zoom=\u00a0\u00bb10%\u00a0\u00bb animation=\u00a0\u00bboff\u00a0\u00bb link_option_url=\u00a0\u00bbhttps:\/\/wa.me\/message\/ITFTKLTE4XYRP1&Prime; border_radii=\u00a0\u00bbon|10px|10px|10px|10px\u00a0\u00bb box_shadow_style=\u00a0\u00bbpreset3&Prime; box_shadow_vertical=\u00a0\u00bb10px\u00a0\u00bb box_shadow_blur=\u00a0\u00bb80px\u00a0\u00bb box_shadow_spread=\u00a0\u00bb-10px\u00a0\u00bb box_shadow_color=\u00a0\u00bbrgba(44,54,92,0.2)\u00a0\u00bb locked=\u00a0\u00bboff\u00a0\u00bb global_colors_info=\u00a0\u00bb{}\u00a0\u00bb]<\/p>\n<p>Nous r\u00e9pondons\u00a0\u00e0 vos questions 7\/7 de 8h00 \u00e0 22h30<\/p>\n<p><a href=\"https:\/\/wa.me\/message\/ITFTKLTE4XYRP1\" title=\"Discutez maintenant\"><strong>Discutez maintenant<\/strong><\/a><\/p>\n<p>[\/et_pb_blurb][\/et_pb_column][et_pb_column type=\u00a0\u00bb1_3&Prime; _builder_version=\u00a0\u00bb4.16&Prime; _module_preset=\u00a0\u00bbdefault\u00a0\u00bb global_colors_info=\u00a0\u00bb{}\u00a0\u00bb][et_pb_blurb title=\u00a0\u00bbPrendre un rendez-vous\u00a0\u00bb use_icon=\u00a0\u00bbon\u00a0\u00bb font_icon=\u00a0\u00bb&#xe023;||divi||400&Prime; icon_color=\u00a0\u00bb#1c7afe\u00a0\u00bb content_max_width=\u00a0\u00bb1100px\u00a0\u00bb _builder_version=\u00a0\u00bb4.17.6&Prime; header_font=\u00a0\u00bb|700|||||||\u00a0\u00bb header_font_size=\u00a0\u00bb19px\u00a0\u00bb header_line_height=\u00a0\u00bb1.6em\u00a0\u00bb body_font=\u00a0\u00bbMontserrat||||||||\u00a0\u00bb body_line_height=\u00a0\u00bb1.8em\u00a0\u00bb background_color=\u00a0\u00bb#ffffff\u00a0\u00bb text_orientation=\u00a0\u00bbcenter\u00a0\u00bb custom_padding=\u00a0\u00bb30px|30px|30px|30px|true|true\u00a0\u00bb animation_style=\u00a0\u00bbzoom\u00a0\u00bb animation_intensity_zoom=\u00a0\u00bb10%\u00a0\u00bb animation=\u00a0\u00bboff\u00a0\u00bb link_option_url=\u00a0\u00bbhttps:\/\/cspm-assurances.com\/index.php\/prendre-rendez-vous\/\u00a0\u00bb border_radii=\u00a0\u00bbon|10px|10px|10px|10px\u00a0\u00bb box_shadow_style=\u00a0\u00bbpreset3&Prime; box_shadow_vertical=\u00a0\u00bb10px\u00a0\u00bb box_shadow_blur=\u00a0\u00bb80px\u00a0\u00bb box_shadow_spread=\u00a0\u00bb-10px\u00a0\u00bb box_shadow_color=\u00a0\u00bbrgba(44,54,92,0.2)\u00a0\u00bb locked=\u00a0\u00bboff\u00a0\u00bb global_colors_info=\u00a0\u00bb{}\u00a0\u00bb]<\/p>\n<p>Prenez un rendez-vous t\u00e9l\u00e9phonique ou en agence<\/p>\n<p><a href=\"https:\/\/cspm-assurances.com\/index.php\/prendre-rendez-vous\/\"><strong>Prenez rendez-vous maintenant<\/strong><\/a><\/p>\n<p>[\/et_pb_blurb][\/et_pb_column][\/et_pb_row][et_pb_row column_structure=\u00a0\u00bb1_4,1_4,1_4,1_4&Prime; disabled_on=\u00a0\u00bboff|off|off\u00a0\u00bb _builder_version=\u00a0\u00bb4.17.4&Prime; _module_preset=\u00a0\u00bbdefault\u00a0\u00bb global_colors_info=\u00a0\u00bb{}\u00a0\u00bb][et_pb_column type=\u00a0\u00bb1_4&Prime; _builder_version=\u00a0\u00bb4.16&Prime; _module_preset=\u00a0\u00bbdefault\u00a0\u00bb global_colors_info=\u00a0\u00bb{}\u00a0\u00bb][et_pb_text _builder_version=\u00a0\u00bb4.17.4&Prime; _module_preset=\u00a0\u00bbdefault\u00a0\u00bb header_text_color=\u00a0\u00bbRGBA(255,255,255,0)\u00a0\u00bb header_font_size=\u00a0\u00bb5px\u00a0\u00bb header_line_height=\u00a0\u00bb0em\u00a0\u00bb global_colors_info=\u00a0\u00bb{}\u00a0\u00bb]<\/p>\n<h1>&#8211; Assurance garage<\/h1>\n<h1>&#8211; Assurance carrosserie automobile<\/h1>\n<h1>&#8211; Assurance station essence automobile<\/h1>\n<h1>&#8211; Assurance relais essence automobile<\/h1>\n<h1>&#8211; Contrat d&rsquo;assurance garage<\/h1>\n<h1>&#8211; Contrat d&rsquo;assurance centre dentaire<\/h1>\n<h1>&#8211; Contrat d&rsquo;assurance supermarch\u00e9<\/h1>\n<h1>&#8211; Contrat d&rsquo;assurance MRP<\/h1>\n<h1>&#8211; Assurance commerciale<\/h1>\n<h1>&#8211; Contrat d&rsquo;assurance restaurant<\/h1>\n<h1>&#8211; Contrat d&rsquo;assurance bar<\/h1>\n<h1>&#8211; Contrat d&rsquo;assurance caf\u00e9<\/h1>\n<h1>&#8211; Devis d&rsquo;assurance caf\u00e9 \/\u00a0restaurant<\/h1>\n<h1>&#8211; Devis d&rsquo;assurance bar<\/h1>\n<h1>&#8211; Devis d&rsquo;assurance boucherie<\/h1>\n<h1>&#8211; Devis d&rsquo;assurance pharmacie<\/h1>\n<h1>&#8211; Devis d&rsquo;assurance flotte automobile<\/h1>\n<h1>&#8211; Devis d&rsquo;assurance professionnel de l&rsquo;automobile<\/h1>\n<h1>&#8211; Devis d&rsquo;assurance mutuelle collective<\/h1>\n<h1>&#8211; Devis d&rsquo;assurance bureaux<\/h1>\n<h1>&#8211; Devis d&rsquo;assurance immeuble<\/h1>\n<h1>&#8211; Devis d&rsquo;assurance agence Immobili\u00e8re<\/h1>\n<h1>&#8211; Devis d&rsquo;assurance plage<\/h1>\n<h1>&#8211; Devis d&rsquo;assurance pizzeria<\/h1>\n<h1>&#8211; Devis d&rsquo;assurance restaurant traditionnel<\/h1>\n<h1>&#8211; Devis d&rsquo;assurance \u00e9picerie<\/h1>\n<h1>&#8211; Devis d&rsquo;assurance \u00e9picerie<\/h1>\n<h1>&#8211; Devis d&rsquo;assurance locaux \u00e0 Paris<\/h1>\n<h1>&#8211; Devis d&rsquo;assurance locaux \u00e0 Lyon<\/h1>\n<h1>&#8211; Devis d&rsquo;assurance locaux \u00e0 Deauville<\/h1>\n<h1>&#8211; Devis d&rsquo;assurance locaux \u00e0 Dax<\/h1>\n<h1>&#8211; Devis d&rsquo;assurance locaux \u00e0 Cannes<\/h1>\n<h1>&#8211; Devis d&rsquo;assurance locaux \u00e0 Nice<\/h1>\n<h1>&#8211; Devis d&rsquo;assurance locaux \u00e0 Marseille<\/h1>\n<h1>&#8211; Devis d&rsquo;assurance locaux \u00e0 Antibes<\/h1>\n<h1>&#8211; Devis d&rsquo;assurance locaux \u00e0 <span>Juan les Pins<\/span><\/h1>\n<h1>&#8211; Assurance local commercial Zi La Frayere<\/h1>\n<h1>&#8211; Assurance local commercial Cannes La Bocca<\/h1>\n<h1>&#8211; Assurance local commercial Cap 3000<\/h1>\n<h1>&#8211; Assurance boutique Cap 3000<\/h1>\n<h1>&#8211; Assurance magasin Cap 3000<\/h1>\n<p>&nbsp;<\/p>\n<p>[\/et_pb_text][\/et_pb_column][et_pb_column type=\u00a0\u00bb1_4&Prime; _builder_version=\u00a0\u00bb4.16&Prime; _module_preset=\u00a0\u00bbdefault\u00a0\u00bb global_colors_info=\u00a0\u00bb{}\u00a0\u00bb][et_pb_text _builder_version=\u00a0\u00bb4.17.4&Prime; _module_preset=\u00a0\u00bbdefault\u00a0\u00bb header_text_color=\u00a0\u00bbRGBA(255,255,255,0)\u00a0\u00bb header_font_size=\u00a0\u00bb5px\u00a0\u00bb header_line_height=\u00a0\u00bb0em\u00a0\u00bb global_colors_info=\u00a0\u00bb{}\u00a0\u00bb]<\/p>\n<h1>&#8211; Assurance RC PRO garage<\/h1>\n<h1>&#8211; Assurance RC pro\u00a0automobile<\/h1>\n<h1>&#8211; Assurance RC pro journaliste<\/h1>\n<h1>&#8211; Assurance RC\u00a0pro\u00a0<span>Reporter<\/span><\/h1>\n<h1>&#8211; Assurance RC <span>pro\u00a0<\/span>infirmi\u00e8re \/ infirmier<\/h1>\n<h1>&#8211; Assurance RC <span>pro\u00a0<\/span>dentiste<\/h1>\n<h1>&#8211; Contrat d&rsquo;assurance RC professionnelle<\/h1>\n<h1>&#8211; Assurance RC <span>pro\u00a0<\/span>m\u00e9decin<\/h1>\n<h1>&#8211; Assurance RC <span>pro\u00a0<\/span>m\u00e9decin sp\u00e9cialiste<\/h1>\n<h1>&#8211; Assurance de locaux professionnel<\/h1>\n<h1>&#8211; Assurance Multirisques Pro<\/h1>\n<h1>&#8211; Assurance Local Professionnel<\/h1>\n<h1>&#8211; Assurances pour les Pros<\/h1>\n<h1>&#8211; L\u2019assurance multirisque professionnelle Generali<\/h1>\n<h1>&#8211; L&rsquo;assurance pour prot\u00e9ger votre Bureau ou Local<\/h1>\n<h1>&#8211; Assurance local professionnel : biens immobiliers<\/h1>\n<h1>&#8211; Assurer son local commercial<\/h1>\n<h1>&#8211; Quelle assurance pour un local professionnel ou commercial ?<\/h1>\n<h1>&#8211; AXA Assurance Pro &#8211; Devis Rapide en 1 min<\/h1>\n<h1>&#8211;\u00a0Prot\u00e9ger votre Bureau ou Local<\/h1>\n<h1>&#8211; Assurance du bail commercial<\/h1>\n<h1>&#8211; Multirisques Pro, votre attestation en 3 minutes<\/h1>\n<h1>&#8211; Devis d&rsquo;assurance pizzeria<\/h1>\n<h1>&#8211; Trouvez la meilleure Assurance pro<\/h1>\n<h1>&#8211; Assurance Local Professionnel &#8211; Faites un Devis en Ligne<\/h1>\n<h1>-Courtier en assurances partenaires<\/h1>\n<h1>&#8211; Assurances machines<\/h1>\n<h1>&#8211; Assurances machines m\u00e9dicales<\/h1>\n<h1>&#8211; Assurance imagerie m\u00e9dicale<\/h1>\n<h1>&#8211; Assurance radiologie<\/h1>\n<h1>&#8211; Assurance laboratoire<\/h1>\n<h1>&#8211; Assurance\u00a0des professions m\u00e9dicales et param\u00e9dicales<\/h1>\n<h1>&#8211; Assurance\u00a0de\u00a0responsabilit\u00e9 civile professionnelle m\u00e9dicale<\/h1>\n<h1>&#8211; Assurez vos Salari\u00e9s &#8211; Offre Sant\u00e9 Entreprise<\/h1>\n<h1>&#8211; Assurance\u00a0pour travailleurs ind\u00e9pendants (TNS)<\/h1>\n<h1>&#8211; Assurance ZI LES TOURRADES<\/h1>\n<h1>&#8211; Courtier en ssurances ZI LES TOURRADES<\/h1>\n<h1>&#8211; Assurance local commercial ZI LES TOURRADES<\/h1>\n<h1>&#8211; Assurance B\u00e2timent industriel ZI LES TOURRADES<\/h1>\n<h1>&#8211; Assurance\u00a0local commercial\u00a0Carros Le Broc<\/h1>\n<h1>&#8211; Assurance\u00a0local commercial Nice<\/h1>\n<p>&nbsp;<\/p>\n<p>[\/et_pb_text][\/et_pb_column][et_pb_column type=\u00a0\u00bb1_4&Prime; _builder_version=\u00a0\u00bb4.16&Prime; _module_preset=\u00a0\u00bbdefault\u00a0\u00bb global_colors_info=\u00a0\u00bb{}\u00a0\u00bb][et_pb_text _builder_version=\u00a0\u00bb4.17.4&Prime; _module_preset=\u00a0\u00bbdefault\u00a0\u00bb header_text_color=\u00a0\u00bbRGBA(255,255,255,0)\u00a0\u00bb header_font_size=\u00a0\u00bb5px\u00a0\u00bb header_line_height=\u00a0\u00bb0em\u00a0\u00bb global_colors_info=\u00a0\u00bb{}\u00a0\u00bb]<\/p>\n<h1>&#8211; Devis d&rsquo;assurance salon de\u00a0th\u00e9 &amp; caf\u00e9<\/h1>\n<h1>&#8211; Devis station service station autoroute<\/h1>\n<h1>&#8211; Assurance franchise mcdonald<\/h1>\n<h1>&#8211; Assurance franchise franprix<\/h1>\n<h1>-Assurance Aires\u00a0d&rsquo;autoroute<\/h1>\n<h1>&#8211; Assurance commerces<\/h1>\n<h1>-Assurance\u00a0Bureaux<\/h1>\n<h1>-Assurance Ateliers<\/h1>\n<h1>-Assurance<\/h1>\n<h1>D\u00e9p\u00f4ts<\/h1>\n<h1>-Assurance<\/h1>\n<h1>Entrep\u00f4ts<\/h1>\n<h1>-Assurance<\/h1>\n<h1>Supermarch\u00e9s \/ Hypermarch\u00e9s<\/h1>\n<h1>-Assurance<\/h1>\n<h1>Cliniques<\/h1>\n<h1>-Assurance : Bijouterie,<\/h1>\n<h1>Assurance\u00a0Salle de jeux,\u00a0Assurance\u00a0Bar de nuit,\u00a0Assurance\u00a0\u00c9picerie de nuit,\u00a0Assurance\u00a0Bowling,<\/h1>\n<h1>Assurance\u00a0D\u00e9p\u00f4t-vente,<\/h1>\n<h1>Assurance<\/h1>\n<h1>Salon de piercing,<\/h1>\n<h1>Assurance<\/h1>\n<h1>Salon de tatouage,<\/h1>\n<h1>Assurance\u00a0N\u00e9gociant automobile,<\/h1>\n<h1>Assurance<\/h1>\n<h1>Garage \/ Carrosserie automobile,<\/h1>\n<h1>Assurance<\/h1>\n<h1>Station service,<\/h1>\n<h1>Assurance<\/h1>\n<h1>Loueurs de v\u00e9hicules,<\/h1>\n<h1>Assurance<\/h1>\n<h1>Gravage de v\u00e9hicules,<\/h1>\n<h1>Assurance<\/h1>\n<h1>Station de lavage,<\/h1>\n<h1>Assurance<\/h1>\n<h1>Lieux cultes (\u00c9glises, Synagogues, Mosqu\u00e9es&#8230;)<\/h1>\n<h1>&#8211; Assurance\u00a0local commercial Saint-Laurent-du-Var<\/h1>\n<h1>&#8211; Assurance\u00a0local commercial Saint-Laurent-du-Var<\/h1>\n<h1>&#8211; Assurance\u00a0local commercial Paris 18\u00e8me<\/h1>\n<h1>&#8211; Assurance\u00a0local commercial Paris 16\u00e8me<\/h1>\n<h1>&#8211; Assurance\u00a0local commercial Paris 17\u00e8me<\/h1>\n<h1>&#8211; Assurance\u00a0local commercial Paris 8\u00e8me<\/h1>\n<p>&nbsp;<\/p>\n<p>[\/et_pb_text][\/et_pb_column][et_pb_column type=\u00a0\u00bb1_4&Prime; _builder_version=\u00a0\u00bb4.16&Prime; _module_preset=\u00a0\u00bbdefault\u00a0\u00bb global_colors_info=\u00a0\u00bb{}\u00a0\u00bb][et_pb_text _builder_version=\u00a0\u00bb4.17.4&Prime; _module_preset=\u00a0\u00bbdefault\u00a0\u00bb header_text_color=\u00a0\u00bbRGBA(255,255,255,0)\u00a0\u00bb header_font_size=\u00a0\u00bb5px\u00a0\u00bb header_line_height=\u00a0\u00bb0em\u00a0\u00bb global_colors_info=\u00a0\u00bb{}\u00a0\u00bb]<\/p>\n<h1>&#8211; Courtier en Assurance RC PRO garage<\/h1>\n<h1>-Courtier en\u00a0Assurance RC pro\u00a0automobile<\/h1>\n<h1>-Courtier en\u00a0Assurance RC pro journaliste<\/h1>\n<h1>-Courtier en\u00a0Assurance RC\u00a0pro\u00a0<span>Reporter<\/span><\/h1>\n<h1>-Courtier en\u00a0Assurance B\u00e2timent industriel<\/h1>\n<h1>-Courtier en\u00a0Assurance boulanger<\/h1>\n<h1>-Courtier en\u00a0Assurance Boutique<\/h1>\n<h1>-Courtier en\u00a0Assurance Bijouterie<\/h1>\n<h1>-Courtier en\u00a0Assurance sp\u00e9cialiste BTP<\/h1>\n<h1>-Courtier en\u00a0Assurance Supermarch\u00e9\/hypermarch\u00e9s<\/h1>\n<h1>-Courtier en\u00a0Assurance en mutuelle d&rsquo;entreprise<\/h1>\n<h1>-Courtier en\u00a0Assurance sp\u00e9cialis\u00e9\u00a0en pr\u00e9voyance<\/h1>\n<h1>-Courtier en\u00a0Assurance pour les pro<\/h1>\n<h1>-Courtier en\u00a0Assurance pour les VIP<\/h1>\n<h1>-Courtier en\u00a0Assurance pour les acteurs de cin\u00e9ma<\/h1>\n<h1>-Courtier en\u00a0Assurance pour <span>vid\u00e9aste \/\u00a0youtubeurs<\/span><\/h1>\n<h1>-Meilleur courtier d&rsquo;assurance ind\u00e9pendant<\/h1>\n<h1>-Meilleur courtier d&rsquo;assurance pour les pro<\/h1>\n<h1>&#8211; Courtier d&rsquo;assurance sp\u00e9cialis\u00e9 en mutuelle TNS<\/h1>\n<h1>&#8211; Courtier d&rsquo;assurance Syndic de copropri\u00e9t\u00e9<\/h1>\n<h1>-Partenariat Syndic de copropri\u00e9t\u00e9 avec\u00a0courtier en assurance<\/h1>\n<h1>-Partenariat Courtier en assurances avec agent immobilier<\/h1>\n<h1>-Partenariat Courtier en assurances avec expert-comptable<\/h1>\n<h1>-Partenariat Courtier en assurances avec artisan<\/h1>\n<h1>-Partenariat Courtier en assurances avec \u00e9lectricien<\/h1>\n<h1>-Partenariat Courtier en assurances avec carrosserie auto<\/h1>\n<h1>-Partenariat Courtier en assurances avec agence carte grise<\/h1>\n<h1>-Partenariat \u00a0assurance avec carrosserie auto<\/h1>\n<h1>-Partenariat Courtier en assurances avec carrosserie auto<\/h1>\n<h1>-Partenariat Courtier en assurances avec Notaire<\/h1>\n<h1>-Partenariat Courtier en assurances avec carrosserie auto<\/h1>\n<h1>-Partenariat Courtier en assurances avec cabinet de gestion<\/h1>\n<h1>-Partenariat Courtier en assurances avec cabinet de gestion<\/h1>\n<h1>-Partenariat Courtier en assurances avec agent commercial<\/h1>\n<h1>-Partenariat Courtier en assurances avec cabinet de gestion<\/h1>\n<h1>&#8211; Assurance\u00a0MRP Paris 19\u00e8me<\/h1>\n<h1>&#8211; Assurance\u00a0MRP\u00a0Aubervilliers<\/h1>\n<h1>&#8211; Assurance\u00a0MRP\u00a0Marseille 8\u00e8me<\/h1>\n<h1>&#8211; Assurance\u00a0MRP\u00a0Marseille 6\u00e8me<\/h1>\n<h1>&#8211; Assurance\u00a0MRP\u00a0Marseille 5\u00e8me<\/h1>\n<h1>&#8211; Assurance\u00a0MRP Aix-en-Provence<\/h1>\n<h1>&#8211; Assurance\u00a0Magasin Aix-en-Provence<\/h1>\n<h1>&#8211; Assurance restaurant Aix-en-Provence<\/h1>\n<p>&nbsp;<\/p>\n<h1><\/h1>\n<h1><\/h1>\n<p>[\/et_pb_text][\/et_pb_column][\/et_pb_row][\/et_pb_section]<\/p>\n","protected":false},"excerpt":{"rendered":"<p>Laissez-vous guider !Prot\u00e9gez votre activit\u00e9 professionnelle gr\u00e2ce a notre gamme compl\u00e8te d\u2019assurances&#8230;D\u00e9couvrez nos solutions pour particuliers et b\u00e9n\u00e9ficiez d\u2019avantages exclusifs&#8230;Avec le temps, vos besoins changent, nous vous conseillons de faire un bilan une fois par&#8230;Vous avez besoin d\u2019aide ? Nous sommes l\u00e0 pour vous aider !Nous sommes \u00e0 votre \u00e9coute du lundi au vendredi de [&hellip;]<\/p>\n","protected":false},"author":2,"featured_media":0,"parent":0,"menu_order":0,"comment_status":"closed","ping_status":"closed","template":"","meta":{"_et_pb_use_builder":"on","_et_pb_old_content":"","_et_gb_content_width":"","footnotes":""},"class_list":["post-4377","page","type-page","status-publish","hentry"],"_links":{"self":[{"href":"https:\/\/cspm-assurances.com\/index.php\/wp-json\/wp\/v2\/pages\/4377","targetHints":{"allow":["GET"]}}],"collection":[{"href":"https:\/\/cspm-assurances.com\/index.php\/wp-json\/wp\/v2\/pages"}],"about":[{"href":"https:\/\/cspm-assurances.com\/index.php\/wp-json\/wp\/v2\/types\/page"}],"author":[{"embeddable":true,"href":"https:\/\/cspm-assurances.com\/index.php\/wp-json\/wp\/v2\/users\/2"}],"replies":[{"embeddable":true,"href":"https:\/\/cspm-assurances.com\/index.php\/wp-json\/wp\/v2\/comments?post=4377"}],"version-history":[{"count":0,"href":"https:\/\/cspm-assurances.com\/index.php\/wp-json\/wp\/v2\/pages\/4377\/revisions"}],"wp:attachment":[{"href":"https:\/\/cspm-assurances.com\/index.php\/wp-json\/wp\/v2\/media?parent=4377"}],"curies":[{"name":"wp","href":"https:\/\/api.w.org\/{rel}","templated":true}]}}