{"id":5569,"date":"2023-05-26T15:17:16","date_gmt":"2023-05-26T13:17:16","guid":{"rendered":"https:\/\/cspm-assurances.com\/?page_id=5569"},"modified":"2023-05-26T23:11:35","modified_gmt":"2023-05-26T21:11:35","slug":"comment-fonctionne-une-mutuelle-sante","status":"publish","type":"page","link":"https:\/\/cspm-assurances.com\/index.php\/comment-fonctionne-une-mutuelle-sante\/","title":{"rendered":"Comment fonctionne une mutuelle sant\u00e9 ?"},"content":{"rendered":"<p>[et_pb_section fb_built=\u00a0\u00bb1&Prime; _builder_version=\u00a0\u00bb4.19.0&Prime; _module_preset=\u00a0\u00bbdefault\u00a0\u00bb global_colors_info=\u00a0\u00bb{}\u00a0\u00bb][et_pb_row _builder_version=\u00a0\u00bb4.19.0&Prime; _module_preset=\u00a0\u00bbdefault\u00a0\u00bb global_colors_info=\u00a0\u00bb{}\u00a0\u00bb][et_pb_column type=\u00a0\u00bb4_4&Prime; _builder_version=\u00a0\u00bb4.19.0&Prime; _module_preset=\u00a0\u00bbdefault\u00a0\u00bb global_colors_info=\u00a0\u00bb{}\u00a0\u00bb][et_pb_text content_tablet=\u00a0\u00bb<\/p>\n<h1 style=%22text-align: center;%22>Comment fonctionne une mutuelle sant\u00e9 ?<\/h1>\n<p>&nbsp;<\/p>\n<p>Une mutuelle sant\u00e9 fonctionne de la mani\u00e8re suivante :<\/p>\n<p>1. Souscription : Vous devez choisir une mutuelle sant\u00e9 et vous inscrire en tant qu&rsquo;adh\u00e9rent. Vous devrez payer une cotisation r\u00e9guli\u00e8re (mensuelle, trimestrielle, annuelle) pour b\u00e9n\u00e9ficier de la couverture de la mutuelle.<\/p>\n<p>2. Contrat et garanties : Une fois inscrit, vous recevrez un contrat qui pr\u00e9cise les d\u00e9tails de votre couverture, y compris les garanties, les limites, les exclusions et les modalit\u00e9s de remboursement. Il est important de lire attentivement le contrat pour comprendre les conditions de votre mutuelle sant\u00e9.<\/p>\n<p>3. Cotisations : Vous devez payer r\u00e9guli\u00e8rement vos cotisations \u00e0 la mutuelle selon les modalit\u00e9s convenues. Ces cotisations contribuent \u00e0 financer les remboursements et les services offerts par la mutuelle.<\/p>\n<p>4. Remboursements : Lorsque vous recevez des soins m\u00e9dicaux, vous payez d&rsquo;abord les frais vous-m\u00eame. Ensuite, vous soumettez les factures ou les re\u00e7us \u00e0 votre mutuelle pour obtenir un remboursement. La mutuelle examinera les demandes de remboursement conform\u00e9ment aux termes du contrat et vous remboursera une partie ou la totalit\u00e9 des frais couverts.<\/p>\n<p>5. R\u00e9seau de sant\u00e9 : Certaines mutuelles ont des r\u00e9seaux de professionnels de sant\u00e9 partenaires, tels que des m\u00e9decins, des sp\u00e9cialistes et des \u00e9tablissements de soins. Si vous utilisez les services de ces prestataires affili\u00e9s, vous pouvez b\u00e9n\u00e9ficier de remboursements plus \u00e9lev\u00e9s ou de tarifs pr\u00e9f\u00e9rentiels.<\/p>\n<p>Il est important de comprendre les conditions de votre mutuelle sant\u00e9, y compris les plafonds de remboursement, les d\u00e9lais de carence (p\u00e9riode pendant laquelle certaines garanties ne s&rsquo;appliquent pas) et les \u00e9ventuelles exclusions. Vous pouvez contacter votre mutuelle pour obtenir des informations d\u00e9taill\u00e9es sur son fonctionnement sp\u00e9cifique et les proc\u00e9dures de remboursement.<\/p>\n<p>Informations non exhaustives, nous vous invitons \u00e0 vous rapprocher d&rsquo;un conseiller pour plus d&rsquo;informations ou de conseils personnalis\u00e9s.<\/p>\n<p style=%22text-align: center;%22><a href=%22https:\/\/www.maxance.com\/devis-auto?codeApporteur=TI0000750494&amp;codeCourtier=TI0000750454%22 data-et-target-link=%22_blank%22 rel=%22noopener%22>Cliquez ici pour poursuivre votre devis en ligne<\/a><\/p>\n<p>\u00a0\u00bb content_phone=\u00a0\u00bb<\/p>\n<h1 style=%22text-align: center;%22>Comment fonctionne une mutuelle sant\u00e9 ?<\/h1>\n<p>&nbsp;<\/p>\n<p>Une mutuelle sant\u00e9 fonctionne de la mani\u00e8re suivante :<\/p>\n<p>1. Souscription : Vous devez choisir une mutuelle sant\u00e9 et vous inscrire en tant qu&rsquo;adh\u00e9rent. Vous devrez payer une cotisation r\u00e9guli\u00e8re (mensuelle, trimestrielle, annuelle) pour b\u00e9n\u00e9ficier de la couverture de la mutuelle.<\/p>\n<p>2. Contrat et garanties : Une fois inscrit, vous recevrez un contrat qui pr\u00e9cise les d\u00e9tails de votre couverture, y compris les garanties, les limites, les exclusions et les modalit\u00e9s de remboursement. Il est important de lire attentivement le contrat pour comprendre les conditions de votre mutuelle sant\u00e9.<\/p>\n<p>3. Cotisations : Vous devez payer r\u00e9guli\u00e8rement vos cotisations \u00e0 la mutuelle selon les modalit\u00e9s convenues. Ces cotisations contribuent \u00e0 financer les remboursements et les services offerts par la mutuelle.<\/p>\n<p>4. Remboursements : Lorsque vous recevez des soins m\u00e9dicaux, vous payez d&rsquo;abord les frais vous-m\u00eame. Ensuite, vous soumettez les factures ou les re\u00e7us \u00e0 votre mutuelle pour obtenir un remboursement. La mutuelle examinera les demandes de remboursement conform\u00e9ment aux termes du contrat et vous remboursera une partie ou la totalit\u00e9 des frais couverts.<\/p>\n<p>5. R\u00e9seau de sant\u00e9 : Certaines mutuelles ont des r\u00e9seaux de professionnels de sant\u00e9 partenaires, tels que des m\u00e9decins, des sp\u00e9cialistes et des \u00e9tablissements de soins. Si vous utilisez les services de ces prestataires affili\u00e9s, vous pouvez b\u00e9n\u00e9ficier de remboursements plus \u00e9lev\u00e9s ou de tarifs pr\u00e9f\u00e9rentiels.<\/p>\n<p>Il est important de comprendre les conditions de votre mutuelle sant\u00e9, y compris les plafonds de remboursement, les d\u00e9lais de carence (p\u00e9riode pendant laquelle certaines garanties ne s&rsquo;appliquent pas) et les \u00e9ventuelles exclusions. Vous pouvez contacter votre mutuelle pour obtenir des informations d\u00e9taill\u00e9es sur son fonctionnement sp\u00e9cifique et les proc\u00e9dures de remboursement.<\/p>\n<p>Informations non exhaustives, nous vous invitons \u00e0 vous rapprocher d&rsquo;un conseiller pour plus d&rsquo;informations ou de conseils personnalis\u00e9s.<\/p>\n<p style=%22text-align: center;%22><a href=%22https:\/\/cspm-assurances.com\/index.php\/obtenir-un-devis-mutuelle-sante\/?et_fb=1&amp;PageSpeed=off%22 data-et-target-link=%22_blank%22 rel=%22noopener%22>Cliquez ici pour poursuivre votre devis en ligne<\/a><\/p>\n<p>\u00a0\u00bb content_last_edited=\u00a0\u00bbon|phone\u00a0\u00bb _builder_version=\u00a0\u00bb4.21.0&Prime; _module_preset=\u00a0\u00bbdefault\u00a0\u00bb text_font_size=\u00a0\u00bb17px\u00a0\u00bb text_line_height=\u00a0\u00bb1.4em\u00a0\u00bb link_font=\u00a0\u00bb||||on|||#424242|\u00a0\u00bb link_text_color=\u00a0\u00bb#0C71C3&Prime; header_font=\u00a0\u00bb|600|||||||\u00a0\u00bb header_text_color=\u00a0\u00bb#6B6B6B\u00a0\u00bb header_font_size=\u00a0\u00bb33px\u00a0\u00bb custom_margin=\u00a0\u00bb-32px||||false|false\u00a0\u00bb hover_enabled=\u00a0\u00bb0&Prime; text_font_size_tablet=\u00a0\u00bb12px\u00a0\u00bb text_font_size_phone=\u00a0\u00bb14px\u00a0\u00bb text_font_size_last_edited=\u00a0\u00bbon|phone\u00a0\u00bb header_text_align_tablet=\u00a0\u00bb\u00a0\u00bb header_text_align_phone=\u00a0\u00bbleft\u00a0\u00bb header_text_align_last_edited=\u00a0\u00bbon|phone\u00a0\u00bb header_font_size_tablet=\u00a0\u00bb33px\u00a0\u00bb header_font_size_phone=\u00a0\u00bb24px\u00a0\u00bb header_font_size_last_edited=\u00a0\u00bbon|phone\u00a0\u00bb global_colors_info=\u00a0\u00bb{}\u00a0\u00bb sticky_enabled=\u00a0\u00bb0&Prime;]<\/p>\n<h1 style=\"text-align: center;\">Comment fonctionne une mutuelle sant\u00e9 ?<\/h1>\n<p>&nbsp;<\/p>\n<p>Une mutuelle sant\u00e9 fonctionne de la mani\u00e8re suivante :<\/p>\n<p>1. Souscription : Vous devez choisir une mutuelle sant\u00e9 et vous inscrire en tant qu&rsquo;adh\u00e9rent. Vous devrez payer une cotisation r\u00e9guli\u00e8re (mensuelle, trimestrielle, annuelle) pour b\u00e9n\u00e9ficier de la couverture de la mutuelle.<\/p>\n<p>2. Contrat et garanties : Une fois inscrit, vous recevrez un contrat qui pr\u00e9cise les d\u00e9tails de votre couverture, y compris les garanties, les limites, les exclusions et les modalit\u00e9s de remboursement. Il est important de lire attentivement le contrat pour comprendre les conditions de votre mutuelle sant\u00e9.<\/p>\n<p>3. Cotisations : Vous devez payer r\u00e9guli\u00e8rement vos cotisations \u00e0 la mutuelle selon les modalit\u00e9s convenues. Ces cotisations contribuent \u00e0 financer les remboursements et les services offerts par la mutuelle.<\/p>\n<p>4. Remboursements : Lorsque vous recevez des soins m\u00e9dicaux, vous payez d&rsquo;abord les frais vous-m\u00eame. Ensuite, vous soumettez les factures ou les re\u00e7us \u00e0 votre mutuelle pour obtenir un remboursement. La mutuelle examinera les demandes de remboursement conform\u00e9ment aux termes du contrat et vous remboursera une partie ou la totalit\u00e9 des frais couverts.<\/p>\n<p>5. R\u00e9seau de sant\u00e9 : Certaines mutuelles ont des r\u00e9seaux de professionnels de sant\u00e9 partenaires, tels que des m\u00e9decins, des sp\u00e9cialistes et des \u00e9tablissements de soins. Si vous utilisez les services de ces prestataires affili\u00e9s, vous pouvez b\u00e9n\u00e9ficier de remboursements plus \u00e9lev\u00e9s ou de tarifs pr\u00e9f\u00e9rentiels.<\/p>\n<p>Il est important de comprendre les conditions de votre mutuelle sant\u00e9, y compris les plafonds de remboursement, les d\u00e9lais de carence (p\u00e9riode pendant laquelle certaines garanties ne s&rsquo;appliquent pas) et les \u00e9ventuelles exclusions. Vous pouvez contacter votre mutuelle pour obtenir des informations d\u00e9taill\u00e9es sur son fonctionnement sp\u00e9cifique et les proc\u00e9dures de remboursement.<\/p>\n<p>Informations non exhaustives, nous vous invitons \u00e0 vous rapprocher d&rsquo;un conseiller pour plus d&rsquo;informations ou de conseils personnalis\u00e9s.<\/p>\n<p style=\"text-align: center;\"><a href=\"https:\/\/www.maxance.com\/devis-auto?codeApporteur=TI0000750494&amp;codeCourtier=TI0000750454\" target=\"_blank\" rel=\"noopener\">Cliquez ici pour poursuivre votre devis en ligne<\/a><\/p>\n<p>[\/et_pb_text][et_pb_button button_url=\u00a0\u00bbhttps:\/\/cspm-assurances.com\/index.php\/je-souhaite-etre-recontacte-par-un-assureur\/\u00a0\u00bb button_text=\u00a0\u00bb\u00catre recontact\u00e9 par un expert\u00a0\u00bb _builder_version=\u00a0\u00bb4.21.0&Prime; _module_preset=\u00a0\u00bbdefault\u00a0\u00bb custom_button=\u00a0\u00bbon\u00a0\u00bb button_text_color=\u00a0\u00bb#FFFFFF\u00a0\u00bb button_bg_color=\u00a0\u00bb#0C71C3&Prime; button_border_width=\u00a0\u00bb0px\u00a0\u00bb button_border_radius=\u00a0\u00bb10px\u00a0\u00bb global_colors_info=\u00a0\u00bb{}\u00a0\u00bb][\/et_pb_button][et_pb_button button_url=\u00a0\u00bbhttps:\/\/cspm-assurances.com\/index.php\/obtenir-un-devis-mutuelle-sante\/?et_fb=1&#038;PageSpeed=off\u00a0\u00bb button_text=\u00a0\u00bbObtenir un devis en ligne\u00a0\u00bb button_alignment=\u00a0\u00bbright\u00a0\u00bb button_alignment_tablet=\u00a0\u00bbright\u00a0\u00bb button_alignment_phone=\u00a0\u00bbcenter\u00a0\u00bb button_alignment_last_edited=\u00a0\u00bbon|phone\u00a0\u00bb _builder_version=\u00a0\u00bb4.21.0&Prime; _module_preset=\u00a0\u00bbdefault\u00a0\u00bb custom_button=\u00a0\u00bbon\u00a0\u00bb button_text_color=\u00a0\u00bb#FFFFFF\u00a0\u00bb button_bg_color=\u00a0\u00bb#7CDA24&Prime; button_border_width=\u00a0\u00bb0px\u00a0\u00bb button_border_radius=\u00a0\u00bb10px\u00a0\u00bb custom_margin=\u00a0\u00bb-75px||||false|false\u00a0\u00bb custom_margin_tablet=\u00a0\u00bb-75px||||false|false\u00a0\u00bb custom_margin_phone=\u00a0\u00bb0px||||false|false\u00a0\u00bb custom_margin_last_edited=\u00a0\u00bbon|desktop\u00a0\u00bb global_colors_info=\u00a0\u00bb{}\u00a0\u00bb][\/et_pb_button][\/et_pb_column][\/et_pb_row][\/et_pb_section][et_pb_section fb_built=\u00a0\u00bb1&Prime; _builder_version=\u00a0\u00bb4.16&Prime; _module_preset=\u00a0\u00bbdefault\u00a0\u00bb custom_margin=\u00a0\u00bb0px||||false|false\u00a0\u00bb custom_padding=\u00a0\u00bb34px|||||\u00a0\u00bb locked=\u00a0\u00bboff\u00a0\u00bb global_colors_info=\u00a0\u00bb{}\u00a0\u00bb][et_pb_row _builder_version=\u00a0\u00bb4.16&Prime; _module_preset=\u00a0\u00bbdefault\u00a0\u00bb global_colors_info=\u00a0\u00bb{}\u00a0\u00bb][et_pb_column type=\u00a0\u00bb4_4&Prime; _builder_version=\u00a0\u00bb4.16&Prime; _module_preset=\u00a0\u00bbdefault\u00a0\u00bb global_colors_info=\u00a0\u00bb{}\u00a0\u00bb][et_pb_text _builder_version=\u00a0\u00bb4.16&Prime; _module_preset=\u00a0\u00bbdefault\u00a0\u00bb text_font_size=\u00a0\u00bb17px\u00a0\u00bb header_2_font_size=\u00a0\u00bb25px\u00a0\u00bb text_font_size_tablet=\u00a0\u00bb\u00a0\u00bb text_font_size_phone=\u00a0\u00bb14px\u00a0\u00bb text_font_size_last_edited=\u00a0\u00bbon|phone\u00a0\u00bb header_font_size_tablet=\u00a0\u00bb\u00a0\u00bb header_font_size_phone=\u00a0\u00bb30px\u00a0\u00bb header_font_size_last_edited=\u00a0\u00bbon|phone\u00a0\u00bb locked=\u00a0\u00bboff\u00a0\u00bb global_colors_info=\u00a0\u00bb{}\u00a0\u00bb]<\/p>\n<h2 style=\"text-align: center;\"><strong>Vous avez besoin d\u2019aide ?<\/strong><\/h2>\n<p><strong><\/strong><\/p>\n<p style=\"text-align: center;\">Nous sommes l\u00e0 pour vous aider !<\/p>\n<p>[\/et_pb_text][\/et_pb_column][\/et_pb_row][et_pb_row column_structure=\u00a0\u00bb1_3,1_3,1_3&Prime; _builder_version=\u00a0\u00bb4.16&Prime; _module_preset=\u00a0\u00bbdefault\u00a0\u00bb locked=\u00a0\u00bboff\u00a0\u00bb global_colors_info=\u00a0\u00bb{}\u00a0\u00bb][et_pb_column type=\u00a0\u00bb1_3&Prime; _builder_version=\u00a0\u00bb4.16&Prime; _module_preset=\u00a0\u00bbdefault\u00a0\u00bb global_colors_info=\u00a0\u00bb{}\u00a0\u00bb][et_pb_blurb title=\u00a0\u00bbAppeler un conseiller\u00a0\u00bb use_icon=\u00a0\u00bbon\u00a0\u00bb font_icon=\u00a0\u00bb&#xe090;||divi||400&Prime; icon_color=\u00a0\u00bb#1c7afe\u00a0\u00bb content_max_width=\u00a0\u00bb1100px\u00a0\u00bb _builder_version=\u00a0\u00bb4.18.0&Prime; header_font=\u00a0\u00bb|700|||||||\u00a0\u00bb header_font_size=\u00a0\u00bb19px\u00a0\u00bb header_line_height=\u00a0\u00bb1.6em\u00a0\u00bb body_font=\u00a0\u00bbMontserrat||||||||\u00a0\u00bb body_line_height=\u00a0\u00bb1.8em\u00a0\u00bb body_link_text_color=\u00a0\u00bb#000000&Prime; background_color=\u00a0\u00bb#ffffff\u00a0\u00bb text_orientation=\u00a0\u00bbcenter\u00a0\u00bb custom_padding=\u00a0\u00bb30px|30px|30px|30px|true|true\u00a0\u00bb animation=\u00a0\u00bboff\u00a0\u00bb link_option_url=\u00a0\u00bbtel:+33142526000&Prime; border_radii=\u00a0\u00bbon|10px|10px|10px|10px\u00a0\u00bb box_shadow_style=\u00a0\u00bbpreset3&Prime; box_shadow_vertical=\u00a0\u00bb10px\u00a0\u00bb box_shadow_blur=\u00a0\u00bb80px\u00a0\u00bb box_shadow_spread=\u00a0\u00bb-10px\u00a0\u00bb box_shadow_color=\u00a0\u00bbrgba(44,54,92,0.2)\u00a0\u00bb locked=\u00a0\u00bboff\u00a0\u00bb global_colors_info=\u00a0\u00bb{}\u00a0\u00bb header_text_color__hover_enabled=\u00a0\u00bboff|hover\u00a0\u00bb]<\/p>\n<p>Nous sommes \u00e0 votre \u00e9coute du lundi au vendredi de 9h30 \u00e0 20h30<\/p>\n<p><a href=\"tel:+33972506262\"><strong>09 72 50 62 62<\/strong><\/a><\/p>\n<p>[\/et_pb_blurb][\/et_pb_column][et_pb_column type=\u00a0\u00bb1_3&Prime; _builder_version=\u00a0\u00bb4.16&Prime; _module_preset=\u00a0\u00bbdefault\u00a0\u00bb global_colors_info=\u00a0\u00bb{}\u00a0\u00bb][et_pb_blurb title=\u00a0\u00bbChattez avec un expert\u00a0\u00bb use_icon=\u00a0\u00bbon\u00a0\u00bb font_icon=\u00a0\u00bb&#x77;||divi||400&Prime; icon_color=\u00a0\u00bb#1c7afe\u00a0\u00bb content_max_width=\u00a0\u00bb1100px\u00a0\u00bb _builder_version=\u00a0\u00bb4.18.0&Prime; header_font=\u00a0\u00bb|700|||||||\u00a0\u00bb header_font_size=\u00a0\u00bb19px\u00a0\u00bb header_line_height=\u00a0\u00bb1.6em\u00a0\u00bb body_font=\u00a0\u00bbMontserrat||||||||\u00a0\u00bb body_line_height=\u00a0\u00bb1.8em\u00a0\u00bb body_link_text_color=\u00a0\u00bb#000000&Prime; background_color=\u00a0\u00bb#ffffff\u00a0\u00bb text_orientation=\u00a0\u00bbcenter\u00a0\u00bb custom_padding=\u00a0\u00bb30px|30px|30px|30px|true|true\u00a0\u00bb animation=\u00a0\u00bboff\u00a0\u00bb link_option_url=\u00a0\u00bbhttps:\/\/wa.me\/message\/ITFTKLTE4XYRP1&Prime; border_radii=\u00a0\u00bbon|10px|10px|10px|10px\u00a0\u00bb box_shadow_style=\u00a0\u00bbpreset3&Prime; box_shadow_vertical=\u00a0\u00bb10px\u00a0\u00bb box_shadow_blur=\u00a0\u00bb80px\u00a0\u00bb box_shadow_spread=\u00a0\u00bb-10px\u00a0\u00bb box_shadow_color=\u00a0\u00bbrgba(44,54,92,0.2)\u00a0\u00bb locked=\u00a0\u00bboff\u00a0\u00bb global_colors_info=\u00a0\u00bb{}\u00a0\u00bb]<\/p>\n<p>Nous r\u00e9pondons\u00a0\u00e0 vos questions 7\/7 de 8h00 \u00e0 22h30<\/p>\n<p><a href=\"https:\/\/wa.me\/message\/ITFTKLTE4XYRP1\" title=\"Discutez maintenant\"><strong>Discutez maintenant<\/strong><\/a><\/p>\n<p>[\/et_pb_blurb][\/et_pb_column][et_pb_column type=\u00a0\u00bb1_3&Prime; _builder_version=\u00a0\u00bb4.16&Prime; _module_preset=\u00a0\u00bbdefault\u00a0\u00bb global_colors_info=\u00a0\u00bb{}\u00a0\u00bb][et_pb_blurb title=\u00a0\u00bbPrendre un rendez-vous\u00a0\u00bb use_icon=\u00a0\u00bbon\u00a0\u00bb font_icon=\u00a0\u00bb&#xe023;||divi||400&Prime; icon_color=\u00a0\u00bb#1c7afe\u00a0\u00bb content_max_width=\u00a0\u00bb1100px\u00a0\u00bb _builder_version=\u00a0\u00bb4.18.0&Prime; header_font=\u00a0\u00bb|700|||||||\u00a0\u00bb header_font_size=\u00a0\u00bb19px\u00a0\u00bb header_line_height=\u00a0\u00bb1.6em\u00a0\u00bb body_font=\u00a0\u00bbMontserrat||||||||\u00a0\u00bb body_line_height=\u00a0\u00bb1.8em\u00a0\u00bb body_link_text_color=\u00a0\u00bb#000000&Prime; background_color=\u00a0\u00bb#ffffff\u00a0\u00bb text_orientation=\u00a0\u00bbcenter\u00a0\u00bb custom_padding=\u00a0\u00bb30px|30px|30px|30px|true|true\u00a0\u00bb animation=\u00a0\u00bboff\u00a0\u00bb link_option_url=\u00a0\u00bbhttps:\/\/cspm-assurances.com\/index.php\/prendre-rendez-vous\/\u00a0\u00bb border_radii=\u00a0\u00bbon|10px|10px|10px|10px\u00a0\u00bb box_shadow_style=\u00a0\u00bbpreset3&Prime; box_shadow_vertical=\u00a0\u00bb10px\u00a0\u00bb box_shadow_blur=\u00a0\u00bb80px\u00a0\u00bb box_shadow_spread=\u00a0\u00bb-10px\u00a0\u00bb box_shadow_color=\u00a0\u00bbrgba(44,54,92,0.2)\u00a0\u00bb locked=\u00a0\u00bboff\u00a0\u00bb global_colors_info=\u00a0\u00bb{}\u00a0\u00bb]<\/p>\n<p>Prenez un rendez-vous t\u00e9l\u00e9phonique ou en agence<\/p>\n<p><a href=\"https:\/\/cspm-assurances.com\/index.php\/prendre-rendez-vous\/\"><strong>Prenez rendez-vous maintenant<\/strong><\/a><\/p>\n<p>[\/et_pb_blurb][\/et_pb_column][\/et_pb_row][et_pb_row _builder_version=\u00a0\u00bb4.17.4&Prime; _module_preset=\u00a0\u00bbdefault\u00a0\u00bb global_colors_info=\u00a0\u00bb{}\u00a0\u00bb][et_pb_column type=\u00a0\u00bb4_4&Prime; _builder_version=\u00a0\u00bb4.17.4&Prime; _module_preset=\u00a0\u00bbdefault\u00a0\u00bb global_colors_info=\u00a0\u00bb{}\u00a0\u00bb][et_pb_text _builder_version=\u00a0\u00bb4.18.0&Prime; _module_preset=\u00a0\u00bbdefault\u00a0\u00bb header_text_align=\u00a0\u00bbcenter\u00a0\u00bb header_text_color=\u00a0\u00bbrgba(255,255,255,0)\u00a0\u00bb header_font_size=\u00a0\u00bb3px\u00a0\u00bb global_colors_info=\u00a0\u00bb{}\u00a0\u00bb]<\/p>\n<h1>Mutuelle sant\u00e9 SwissLife- Pr\u00e9voyance\u00a0SwissLife -courtier en assurance mutuelle-assurance mutuelle avec de grosses garanties\u2013assurance mutuelle non responsable\u2013contrat non responsable mutuelle\u2013assurance de Paris\u2013assurance de Cannes\u2013Assurance de Lyon\u2013Assurance de Marseille\u2013Assurance de Aix-en-Provence\u2013Assurance de Monaco\u2013Assurance de Deauville\u2013Assurance de Bretagne\u2013ancien assureur en Bretagne\u2013ancien assureur \u00e0 Paris\u2013vieux courtier en assurance \u00e0 Paris\u2013vieux courtier en assurance \u00e0 Lyon\u2013vieux courtier en assurance \u00e0 Montmartre\u2013vieux courtier en assurance \u00e0 Paris 16e-agence de courtage en assurance Paris Montmartre-agence de courtage en assurance Paris-16e-cabinet de courtage en assurance-cabinet de courtage en assurance Paris\u2013cabinet de courtage en assurance cannois\u2013cabinet de courtage en assurance Lyon-vieux cabinet de courtage en assurances-premier cabinet de courtage en assurance-num\u00e9ro 1 des courtiers en assurances- num\u00e9ro 1 des courtiers\u00a0 en assurances\u00a0 \u00e0 Paris-N\u00b01 des courtiers\u00a0 en assurances \u00e0 Cannes-assurance \u00e0 Villers-assurance pour les professionnels-assurance sp\u00e9cialis\u00e9 pour les professionnels de l&rsquo;automobile-assurance sp\u00e9cialis\u00e9e dans le transport de marchandises\u2013assurance sp\u00e9cialiste des risques industriels\u2013assurance commerce de proximit\u00e9\u2013assurance supermarch\u00e9 de proximit\u00e9\u2013assurance dommages ouvrage-assurance qui rembourse m\u00eame si on est responsable-trouver une protection juridique\u2013souscrire une protection juridique\u2013souscrire une protection juridique professionnel\u2013souscrire une protection juridique avec Juridique\u2013souscrire une protection juridique avec Groupama\u2013souscrire une protection juridique avec Allianz-Devis assurance habitation-David Assurance-assurer simplement une voiture\u2013assurance automobile Simple rapide-assurance automobile avec de bonnes garanties-assurance automobile qui rembourse bien\u2013assurance automobile qui rembourse rapidement\u2013assurance qui rembourse rapidement-mutuelle qui rembourse rapidement\u2013pr\u00e9voyance-individuelle\u2013pr\u00e9voyance et sant\u00e9 collective-obtenir des informations sur la\u00a0pr\u00e9voyance-obtenir un devis de\u00a0pr\u00e9voyance-souscrire une pr\u00e9voyance imm\u00e9diatement-souscrire imm\u00e9diatement une mutuelle-souscrire une mutuelle sans frais-assurance sans frais cach\u00e9s-mutuelle sans d\u00e9lai d&rsquo;attente-mutuelle sant\u00e9 100 % sant\u00e9\u2013mutuelle sant\u00e9 sans d\u00e9lai de carence-courtier qui propose une mutuelle sans d\u00e9lai de carence-courtier qui propose un plan \u00e9pargne retraite\u2013Courtier qui conseille\u2013courtier qui donne des conseils.<\/h1>\n<p>[\/et_pb_text][\/et_pb_column][\/et_pb_row][\/et_pb_section]<\/p>\n","protected":false},"excerpt":{"rendered":"<p>Comment fonctionne une mutuelle sant\u00e9 ? &nbsp; Une mutuelle sant\u00e9 fonctionne de la mani\u00e8re suivante : 1. Souscription : Vous devez choisir une mutuelle sant\u00e9 et vous inscrire en tant qu&rsquo;adh\u00e9rent. Vous devrez payer une cotisation r\u00e9guli\u00e8re (mensuelle, trimestrielle, annuelle) pour b\u00e9n\u00e9ficier de la couverture de la mutuelle. 2. Contrat et garanties : Une fois [&hellip;]<\/p>\n","protected":false},"author":2,"featured_media":0,"parent":0,"menu_order":0,"comment_status":"closed","ping_status":"closed","template":"","meta":{"_et_pb_use_builder":"on","_et_pb_old_content":"","_et_gb_content_width":"","footnotes":""},"class_list":["post-5569","page","type-page","status-publish","hentry"],"_links":{"self":[{"href":"https:\/\/cspm-assurances.com\/index.php\/wp-json\/wp\/v2\/pages\/5569","targetHints":{"allow":["GET"]}}],"collection":[{"href":"https:\/\/cspm-assurances.com\/index.php\/wp-json\/wp\/v2\/pages"}],"about":[{"href":"https:\/\/cspm-assurances.com\/index.php\/wp-json\/wp\/v2\/types\/page"}],"author":[{"embeddable":true,"href":"https:\/\/cspm-assurances.com\/index.php\/wp-json\/wp\/v2\/users\/2"}],"replies":[{"embeddable":true,"href":"https:\/\/cspm-assurances.com\/index.php\/wp-json\/wp\/v2\/comments?post=5569"}],"version-history":[{"count":6,"href":"https:\/\/cspm-assurances.com\/index.php\/wp-json\/wp\/v2\/pages\/5569\/revisions"}],"predecessor-version":[{"id":5629,"href":"https:\/\/cspm-assurances.com\/index.php\/wp-json\/wp\/v2\/pages\/5569\/revisions\/5629"}],"wp:attachment":[{"href":"https:\/\/cspm-assurances.com\/index.php\/wp-json\/wp\/v2\/media?parent=5569"}],"curies":[{"name":"wp","href":"https:\/\/api.w.org\/{rel}","templated":true}]}}