{"id":5577,"date":"2023-05-26T15:30:09","date_gmt":"2023-05-26T13:30:09","guid":{"rendered":"https:\/\/cspm-assurances.com\/?page_id=5577"},"modified":"2023-05-26T23:09:37","modified_gmt":"2023-05-26T21:09:37","slug":"comment-changer-de-mutuelle-sante","status":"publish","type":"page","link":"https:\/\/cspm-assurances.com\/index.php\/comment-changer-de-mutuelle-sante\/","title":{"rendered":"Comment changer de mutuelle sant\u00e9 ?"},"content":{"rendered":"<p>[et_pb_section fb_built=\u00a0\u00bb1&Prime; _builder_version=\u00a0\u00bb4.19.0&Prime; _module_preset=\u00a0\u00bbdefault\u00a0\u00bb global_colors_info=\u00a0\u00bb{}\u00a0\u00bb][et_pb_row _builder_version=\u00a0\u00bb4.19.0&Prime; _module_preset=\u00a0\u00bbdefault\u00a0\u00bb global_colors_info=\u00a0\u00bb{}\u00a0\u00bb][et_pb_column type=\u00a0\u00bb4_4&Prime; _builder_version=\u00a0\u00bb4.19.0&Prime; _module_preset=\u00a0\u00bbdefault\u00a0\u00bb global_colors_info=\u00a0\u00bb{}\u00a0\u00bb][et_pb_image src=\u00a0\u00bbhttps:\/\/cspm-assurances.com\/wp-content\/uploads\/2022\/10\/assurances.png\u00a0\u00bb title_text=\u00a0\u00bbassurances\u00a0\u00bb align=\u00a0\u00bbcenter\u00a0\u00bb _builder_version=\u00a0\u00bb4.21.0&Prime; _module_preset=\u00a0\u00bbdefault\u00a0\u00bb width=\u00a0\u00bb52%\u00a0\u00bb max_width=\u00a0\u00bb32%\u00a0\u00bb custom_margin=\u00a0\u00bb-10px||||false|false\u00a0\u00bb custom_padding=\u00a0\u00bb1px||||false|false\u00a0\u00bb global_colors_info=\u00a0\u00bb{}\u00a0\u00bb][\/et_pb_image][et_pb_text content_tablet=\u00a0\u00bb<\/p>\n<h1 style=%22text-align: center;%22>Comment changer de mutuelle sant\u00e9 ?<\/h1>\n<p>&nbsp;<\/p>\n<p>Pour changer votre contrat de mutuelle sant\u00e9, voici les \u00e9tapes g\u00e9n\u00e9rales que vous pouvez suivre :<\/p>\n<p>1. \u00c9valuation de vos besoins : Identifiez vos besoins en mati\u00e8re de couverture sant\u00e9. R\u00e9fl\u00e9chissez aux garanties et aux services sp\u00e9cifiques dont vous avez besoin, tels que les consultations sp\u00e9cialis\u00e9es, les soins dentaires, les m\u00e9dicaments, etc. Cela vous aidera \u00e0 comparer les offres des diff\u00e9rentes mutuelles.<\/p>\n<p>2. Comparaison des offres : Faites des recherches et comparez les diff\u00e9rentes mutuelles sant\u00e9 disponibles sur le march\u00e9. V\u00e9rifiez les garanties, les tarifs, les exclusions, les plafonds de remboursement, les d\u00e9lais de carence et les services propos\u00e9s par chaque mutuelle.<\/p>\n<p>3. R\u00e9siliation de votre contrat actuel : V\u00e9rifiez les conditions de r\u00e9siliation de votre contrat mutuelle actuel. Selon les r\u00e9glementations en vigueur et les termes de votre contrat, il peut y avoir des d\u00e9lais de pr\u00e9avis \u00e0 respecter. G\u00e9n\u00e9ralement, vous devez envoyer une lettre de r\u00e9siliation \u00e0 votre mutuelle actuelle en pr\u00e9cisant votre intention de r\u00e9silier le contrat.<\/p>\n<p>4. Choix d&rsquo;une nouvelle mutuelle : Une fois que vous avez compar\u00e9 les diff\u00e9rentes options et r\u00e9sili\u00e9 votre contrat actuel, s\u00e9lectionnez la mutuelle sant\u00e9 qui correspond le mieux \u00e0 vos besoins. Contactez la mutuelle choisie pour obtenir toutes les informations n\u00e9cessaires concernant la souscription \u00e0 un nouveau contrat.<\/p>\n<p>5. Souscription \u00e0 la nouvelle mutuelle : Fournissez les informations requises et suivez les proc\u00e9dures de souscription de la nouvelle mutuelle sant\u00e9. Assurez-vous de bien comprendre les termes du contrat et les d\u00e9tails de la couverture propos\u00e9e avant de finaliser votre adh\u00e9sion.<\/p>\n<p>Il est recommand\u00e9 de prendre le temps de comparer diff\u00e9rentes mutuelles, de lire attentivement les termes des contrats et de poser toutes les questions n\u00e9cessaires avant de prendre une d\u00e9cision. Si vous avez des doutes ou des questions sp\u00e9cifiques, n&rsquo;h\u00e9sitez pas \u00e0 contacter directement les mutuelles pour obtenir des clarifications.<\/p>\n<h1 style=%22text-align: center;%22><a href=%22https:\/\/www.maxance.com\/devis-auto?codeApporteur=TI0000750494&amp;codeCourtier=TI0000750454%22 data-et-target-link=%22_blank%22 rel=%22noopener%22 style=%22font-size: 16px;%22>Cliquez ici pour poursuivre votre devis en ligne<\/a><\/h1>\n<p>\u00a0\u00bb content_phone=\u00a0\u00bb<\/p>\n<h1 style=%22text-align: center;%22>Comment changer de mutuelle sant\u00e9 ?<\/h1>\n<p>&nbsp;<\/p>\n<p>Pour changer votre contrat de mutuelle sant\u00e9, voici les \u00e9tapes g\u00e9n\u00e9rales que vous pouvez suivre :<\/p>\n<p>1. \u00c9valuation de vos besoins : Identifiez vos besoins en mati\u00e8re de couverture sant\u00e9. R\u00e9fl\u00e9chissez aux garanties et aux services sp\u00e9cifiques dont vous avez besoin, tels que les consultations sp\u00e9cialis\u00e9es, les soins dentaires, les m\u00e9dicaments, etc. Cela vous aidera \u00e0 comparer les offres des diff\u00e9rentes mutuelles.<\/p>\n<p>2. Comparaison des offres : Faites des recherches et comparez les diff\u00e9rentes mutuelles sant\u00e9 disponibles sur le march\u00e9. V\u00e9rifiez les garanties, les tarifs, les exclusions, les plafonds de remboursement, les d\u00e9lais de carence et les services propos\u00e9s par chaque mutuelle.<\/p>\n<p>3. R\u00e9siliation de votre contrat actuel : V\u00e9rifiez les conditions de r\u00e9siliation de votre contrat mutuelle actuel. Selon les r\u00e9glementations en vigueur et les termes de votre contrat, il peut y avoir des d\u00e9lais de pr\u00e9avis \u00e0 respecter. G\u00e9n\u00e9ralement, vous devez envoyer une lettre de r\u00e9siliation \u00e0 votre mutuelle actuelle en pr\u00e9cisant votre intention de r\u00e9silier le contrat.<\/p>\n<p>4. Choix d&rsquo;une nouvelle mutuelle : Une fois que vous avez compar\u00e9 les diff\u00e9rentes options et r\u00e9sili\u00e9 votre contrat actuel, s\u00e9lectionnez la mutuelle sant\u00e9 qui correspond le mieux \u00e0 vos besoins. Contactez la mutuelle choisie pour obtenir toutes les informations n\u00e9cessaires concernant la souscription \u00e0 un nouveau contrat.<\/p>\n<p>5. Souscription \u00e0 la nouvelle mutuelle : Fournissez les informations requises et suivez les proc\u00e9dures de souscription de la nouvelle mutuelle sant\u00e9. Assurez-vous de bien comprendre les termes du contrat et les d\u00e9tails de la couverture propos\u00e9e avant de finaliser votre adh\u00e9sion.<\/p>\n<p>Il est recommand\u00e9 de prendre le temps de comparer diff\u00e9rentes mutuelles, de lire attentivement les termes des contrats et de poser toutes les questions n\u00e9cessaires avant de prendre une d\u00e9cision. Si vous avez des doutes ou des questions sp\u00e9cifiques, n&rsquo;h\u00e9sitez pas \u00e0 contacter directement les mutuelles pour obtenir des clarifications.<\/p>\n<p style=%22text-align: center;%22><a href=%22https:\/\/cspm-assurances.com\/index.php\/obtenir-un-devis-mutuelle-sante\/?et_fb=1&amp;PageSpeed=off%22 data-et-target-link=%22_blank%22 rel=%22noopener%22>Cliquez ici pour poursuivre votre devis en ligne<\/a><\/p>\n<p>\u00a0\u00bb content_last_edited=\u00a0\u00bbon|phone\u00a0\u00bb _builder_version=\u00a0\u00bb4.21.0&Prime; _module_preset=\u00a0\u00bbdefault\u00a0\u00bb text_font_size=\u00a0\u00bb17px\u00a0\u00bb text_line_height=\u00a0\u00bb1.4em\u00a0\u00bb link_font=\u00a0\u00bb||||on|||#424242|\u00a0\u00bb link_text_color=\u00a0\u00bb#0C71C3&Prime; header_font=\u00a0\u00bb|600|||||||\u00a0\u00bb header_text_color=\u00a0\u00bb#6B6B6B\u00a0\u00bb header_font_size=\u00a0\u00bb33px\u00a0\u00bb min_height=\u00a0\u00bb607px\u00a0\u00bb custom_margin=\u00a0\u00bb||||false|false\u00a0\u00bb hover_enabled=\u00a0\u00bb0&Prime; text_font_size_tablet=\u00a0\u00bb12px\u00a0\u00bb text_font_size_phone=\u00a0\u00bb14px\u00a0\u00bb text_font_size_last_edited=\u00a0\u00bbon|phone\u00a0\u00bb header_text_align_tablet=\u00a0\u00bb\u00a0\u00bb header_text_align_phone=\u00a0\u00bbleft\u00a0\u00bb header_text_align_last_edited=\u00a0\u00bbon|phone\u00a0\u00bb header_font_size_tablet=\u00a0\u00bb33px\u00a0\u00bb header_font_size_phone=\u00a0\u00bb24px\u00a0\u00bb header_font_size_last_edited=\u00a0\u00bbon|phone\u00a0\u00bb global_colors_info=\u00a0\u00bb{}\u00a0\u00bb sticky_enabled=\u00a0\u00bb0&Prime;]<\/p>\n<h1 style=\"text-align: center;\">Comment changer de mutuelle sant\u00e9 ?<\/h1>\n<p>&nbsp;<\/p>\n<p>Pour changer votre contrat de mutuelle sant\u00e9, voici les \u00e9tapes g\u00e9n\u00e9rales que vous pouvez suivre :<\/p>\n<p>1. \u00c9valuation de vos besoins : Identifiez vos besoins en mati\u00e8re de couverture sant\u00e9. R\u00e9fl\u00e9chissez aux garanties et aux services sp\u00e9cifiques dont vous avez besoin, tels que les consultations sp\u00e9cialis\u00e9es, les soins dentaires, les m\u00e9dicaments, etc. Cela vous aidera \u00e0 comparer les offres des diff\u00e9rentes mutuelles.<\/p>\n<p>2. Comparaison des offres : Faites des recherches et comparez les diff\u00e9rentes mutuelles sant\u00e9 disponibles sur le march\u00e9. V\u00e9rifiez les garanties, les tarifs, les exclusions, les plafonds de remboursement, les d\u00e9lais de carence et les services propos\u00e9s par chaque mutuelle.<\/p>\n<p>3. R\u00e9siliation de votre contrat actuel : V\u00e9rifiez les conditions de r\u00e9siliation de votre contrat mutuelle actuel. Selon les r\u00e9glementations en vigueur et les termes de votre contrat, il peut y avoir des d\u00e9lais de pr\u00e9avis \u00e0 respecter. G\u00e9n\u00e9ralement, vous devez envoyer une lettre de r\u00e9siliation \u00e0 votre mutuelle actuelle en pr\u00e9cisant votre intention de r\u00e9silier le contrat.<\/p>\n<p>4. Choix d&rsquo;une nouvelle mutuelle : Une fois que vous avez compar\u00e9 les diff\u00e9rentes options et r\u00e9sili\u00e9 votre contrat actuel, s\u00e9lectionnez la mutuelle sant\u00e9 qui correspond le mieux \u00e0 vos besoins. Contactez la mutuelle choisie pour obtenir toutes les informations n\u00e9cessaires concernant la souscription \u00e0 un nouveau contrat.<\/p>\n<p>5. Souscription \u00e0 la nouvelle mutuelle : Fournissez les informations requises et suivez les proc\u00e9dures de souscription de la nouvelle mutuelle sant\u00e9. Assurez-vous de bien comprendre les termes du contrat et les d\u00e9tails de la couverture propos\u00e9e avant de finaliser votre adh\u00e9sion.<\/p>\n<p>Il est recommand\u00e9 de prendre le temps de comparer diff\u00e9rentes mutuelles, de lire attentivement les termes des contrats et de poser toutes les questions n\u00e9cessaires avant de prendre une d\u00e9cision. Si vous avez des doutes ou des questions sp\u00e9cifiques, n&rsquo;h\u00e9sitez pas \u00e0 contacter directement les mutuelles pour obtenir des clarifications.<\/p>\n<p style=\"text-align: center;\"><a href=\"https:\/\/www.maxance.com\/devis-auto?codeApporteur=TI0000750494&amp;codeCourtier=TI0000750454\" target=\"_blank\" rel=\"noopener\">Cliquez ici pour poursuivre votre devis en ligne<\/a><\/p>\n<p>[\/et_pb_text][et_pb_button button_url=\u00a0\u00bbhttps:\/\/cspm-assurances.com\/index.php\/je-souhaite-etre-recontacte-par-un-assureur\/\u00a0\u00bb button_text=\u00a0\u00bb\u00catre recontact\u00e9 par un expert\u00a0\u00bb _builder_version=\u00a0\u00bb4.21.0&Prime; _module_preset=\u00a0\u00bbdefault\u00a0\u00bb custom_button=\u00a0\u00bbon\u00a0\u00bb button_text_color=\u00a0\u00bb#FFFFFF\u00a0\u00bb button_bg_color=\u00a0\u00bb#0C71C3&Prime; button_border_width=\u00a0\u00bb0px\u00a0\u00bb button_border_radius=\u00a0\u00bb10px\u00a0\u00bb global_colors_info=\u00a0\u00bb{}\u00a0\u00bb][\/et_pb_button][et_pb_button button_url=\u00a0\u00bbhttps:\/\/cspm-assurances.com\/index.php\/obtenir-un-devis-mutuelle-sante\/?et_fb=1&#038;PageSpeed=off\u00a0\u00bb button_text=\u00a0\u00bbObtenir un devis en ligne\u00a0\u00bb button_alignment=\u00a0\u00bbright\u00a0\u00bb button_alignment_tablet=\u00a0\u00bbright\u00a0\u00bb button_alignment_phone=\u00a0\u00bbcenter\u00a0\u00bb button_alignment_last_edited=\u00a0\u00bbon|phone\u00a0\u00bb _builder_version=\u00a0\u00bb4.21.0&Prime; _module_preset=\u00a0\u00bbdefault\u00a0\u00bb custom_button=\u00a0\u00bbon\u00a0\u00bb button_text_color=\u00a0\u00bb#FFFFFF\u00a0\u00bb button_bg_color=\u00a0\u00bb#7CDA24&Prime; button_border_width=\u00a0\u00bb0px\u00a0\u00bb button_border_radius=\u00a0\u00bb10px\u00a0\u00bb custom_margin=\u00a0\u00bb-75px||||false|false\u00a0\u00bb custom_margin_tablet=\u00a0\u00bb-75px||||false|false\u00a0\u00bb custom_margin_phone=\u00a0\u00bb0px||||false|false\u00a0\u00bb custom_margin_last_edited=\u00a0\u00bbon|desktop\u00a0\u00bb global_colors_info=\u00a0\u00bb{}\u00a0\u00bb][\/et_pb_button][\/et_pb_column][\/et_pb_row][\/et_pb_section][et_pb_section fb_built=\u00a0\u00bb1&Prime; _builder_version=\u00a0\u00bb4.16&Prime; _module_preset=\u00a0\u00bbdefault\u00a0\u00bb custom_margin=\u00a0\u00bb0px||||false|false\u00a0\u00bb custom_padding=\u00a0\u00bb34px|||||\u00a0\u00bb locked=\u00a0\u00bboff\u00a0\u00bb global_colors_info=\u00a0\u00bb{}\u00a0\u00bb][et_pb_row _builder_version=\u00a0\u00bb4.16&Prime; _module_preset=\u00a0\u00bbdefault\u00a0\u00bb global_colors_info=\u00a0\u00bb{}\u00a0\u00bb][et_pb_column type=\u00a0\u00bb4_4&Prime; _builder_version=\u00a0\u00bb4.16&Prime; _module_preset=\u00a0\u00bbdefault\u00a0\u00bb global_colors_info=\u00a0\u00bb{}\u00a0\u00bb][et_pb_text _builder_version=\u00a0\u00bb4.16&Prime; _module_preset=\u00a0\u00bbdefault\u00a0\u00bb text_font_size=\u00a0\u00bb17px\u00a0\u00bb header_2_font_size=\u00a0\u00bb25px\u00a0\u00bb text_font_size_tablet=\u00a0\u00bb\u00a0\u00bb text_font_size_phone=\u00a0\u00bb14px\u00a0\u00bb text_font_size_last_edited=\u00a0\u00bbon|phone\u00a0\u00bb header_font_size_tablet=\u00a0\u00bb\u00a0\u00bb header_font_size_phone=\u00a0\u00bb30px\u00a0\u00bb header_font_size_last_edited=\u00a0\u00bbon|phone\u00a0\u00bb locked=\u00a0\u00bboff\u00a0\u00bb global_colors_info=\u00a0\u00bb{}\u00a0\u00bb]<\/p>\n<h2 style=\"text-align: center;\"><strong>Vous avez besoin d\u2019aide ?<\/strong><\/h2>\n<p><strong><\/strong><\/p>\n<p style=\"text-align: center;\">Nous sommes l\u00e0 pour vous aider !<\/p>\n<p>[\/et_pb_text][\/et_pb_column][\/et_pb_row][et_pb_row column_structure=\u00a0\u00bb1_3,1_3,1_3&Prime; _builder_version=\u00a0\u00bb4.16&Prime; _module_preset=\u00a0\u00bbdefault\u00a0\u00bb locked=\u00a0\u00bboff\u00a0\u00bb global_colors_info=\u00a0\u00bb{}\u00a0\u00bb][et_pb_column type=\u00a0\u00bb1_3&Prime; _builder_version=\u00a0\u00bb4.16&Prime; _module_preset=\u00a0\u00bbdefault\u00a0\u00bb global_colors_info=\u00a0\u00bb{}\u00a0\u00bb][et_pb_blurb title=\u00a0\u00bbAppeler un conseiller\u00a0\u00bb use_icon=\u00a0\u00bbon\u00a0\u00bb font_icon=\u00a0\u00bb&#xe090;||divi||400&Prime; icon_color=\u00a0\u00bb#1c7afe\u00a0\u00bb content_max_width=\u00a0\u00bb1100px\u00a0\u00bb _builder_version=\u00a0\u00bb4.18.0&Prime; header_font=\u00a0\u00bb|700|||||||\u00a0\u00bb header_font_size=\u00a0\u00bb19px\u00a0\u00bb header_line_height=\u00a0\u00bb1.6em\u00a0\u00bb body_font=\u00a0\u00bbMontserrat||||||||\u00a0\u00bb body_line_height=\u00a0\u00bb1.8em\u00a0\u00bb body_link_text_color=\u00a0\u00bb#000000&Prime; background_color=\u00a0\u00bb#ffffff\u00a0\u00bb text_orientation=\u00a0\u00bbcenter\u00a0\u00bb custom_padding=\u00a0\u00bb30px|30px|30px|30px|true|true\u00a0\u00bb animation=\u00a0\u00bboff\u00a0\u00bb link_option_url=\u00a0\u00bbtel:+33142526000&Prime; border_radii=\u00a0\u00bbon|10px|10px|10px|10px\u00a0\u00bb box_shadow_style=\u00a0\u00bbpreset3&Prime; box_shadow_vertical=\u00a0\u00bb10px\u00a0\u00bb box_shadow_blur=\u00a0\u00bb80px\u00a0\u00bb box_shadow_spread=\u00a0\u00bb-10px\u00a0\u00bb box_shadow_color=\u00a0\u00bbrgba(44,54,92,0.2)\u00a0\u00bb locked=\u00a0\u00bboff\u00a0\u00bb global_colors_info=\u00a0\u00bb{}\u00a0\u00bb header_text_color__hover_enabled=\u00a0\u00bboff|hover\u00a0\u00bb]<\/p>\n<p>Nous sommes \u00e0 votre \u00e9coute du lundi au vendredi de 9h30 \u00e0 20h30<\/p>\n<p><a href=\"tel:+33972506262\"><strong>09 72 50 62 62<\/strong><\/a><\/p>\n<p>[\/et_pb_blurb][\/et_pb_column][et_pb_column type=\u00a0\u00bb1_3&Prime; _builder_version=\u00a0\u00bb4.16&Prime; _module_preset=\u00a0\u00bbdefault\u00a0\u00bb global_colors_info=\u00a0\u00bb{}\u00a0\u00bb][et_pb_blurb title=\u00a0\u00bbChattez avec un expert\u00a0\u00bb use_icon=\u00a0\u00bbon\u00a0\u00bb font_icon=\u00a0\u00bb&#x77;||divi||400&Prime; icon_color=\u00a0\u00bb#1c7afe\u00a0\u00bb content_max_width=\u00a0\u00bb1100px\u00a0\u00bb _builder_version=\u00a0\u00bb4.18.0&Prime; header_font=\u00a0\u00bb|700|||||||\u00a0\u00bb header_font_size=\u00a0\u00bb19px\u00a0\u00bb header_line_height=\u00a0\u00bb1.6em\u00a0\u00bb body_font=\u00a0\u00bbMontserrat||||||||\u00a0\u00bb body_line_height=\u00a0\u00bb1.8em\u00a0\u00bb body_link_text_color=\u00a0\u00bb#000000&Prime; background_color=\u00a0\u00bb#ffffff\u00a0\u00bb text_orientation=\u00a0\u00bbcenter\u00a0\u00bb custom_padding=\u00a0\u00bb30px|30px|30px|30px|true|true\u00a0\u00bb animation=\u00a0\u00bboff\u00a0\u00bb link_option_url=\u00a0\u00bbhttps:\/\/wa.me\/message\/ITFTKLTE4XYRP1&Prime; border_radii=\u00a0\u00bbon|10px|10px|10px|10px\u00a0\u00bb box_shadow_style=\u00a0\u00bbpreset3&Prime; box_shadow_vertical=\u00a0\u00bb10px\u00a0\u00bb box_shadow_blur=\u00a0\u00bb80px\u00a0\u00bb box_shadow_spread=\u00a0\u00bb-10px\u00a0\u00bb box_shadow_color=\u00a0\u00bbrgba(44,54,92,0.2)\u00a0\u00bb locked=\u00a0\u00bboff\u00a0\u00bb global_colors_info=\u00a0\u00bb{}\u00a0\u00bb]<\/p>\n<p>Nous r\u00e9pondons\u00a0\u00e0 vos questions 7\/7 de 8h00 \u00e0 22h30<\/p>\n<p><a href=\"https:\/\/wa.me\/message\/ITFTKLTE4XYRP1\" title=\"Discutez maintenant\"><strong>Discutez maintenant<\/strong><\/a><\/p>\n<p>[\/et_pb_blurb][\/et_pb_column][et_pb_column type=\u00a0\u00bb1_3&Prime; _builder_version=\u00a0\u00bb4.16&Prime; _module_preset=\u00a0\u00bbdefault\u00a0\u00bb global_colors_info=\u00a0\u00bb{}\u00a0\u00bb][et_pb_blurb title=\u00a0\u00bbPrendre un rendez-vous\u00a0\u00bb use_icon=\u00a0\u00bbon\u00a0\u00bb font_icon=\u00a0\u00bb&#xe023;||divi||400&Prime; icon_color=\u00a0\u00bb#1c7afe\u00a0\u00bb content_max_width=\u00a0\u00bb1100px\u00a0\u00bb _builder_version=\u00a0\u00bb4.18.0&Prime; header_font=\u00a0\u00bb|700|||||||\u00a0\u00bb header_font_size=\u00a0\u00bb19px\u00a0\u00bb header_line_height=\u00a0\u00bb1.6em\u00a0\u00bb body_font=\u00a0\u00bbMontserrat||||||||\u00a0\u00bb body_line_height=\u00a0\u00bb1.8em\u00a0\u00bb body_link_text_color=\u00a0\u00bb#000000&Prime; background_color=\u00a0\u00bb#ffffff\u00a0\u00bb text_orientation=\u00a0\u00bbcenter\u00a0\u00bb custom_padding=\u00a0\u00bb30px|30px|30px|30px|true|true\u00a0\u00bb animation=\u00a0\u00bboff\u00a0\u00bb link_option_url=\u00a0\u00bbhttps:\/\/cspm-assurances.com\/index.php\/prendre-rendez-vous\/\u00a0\u00bb border_radii=\u00a0\u00bbon|10px|10px|10px|10px\u00a0\u00bb box_shadow_style=\u00a0\u00bbpreset3&Prime; box_shadow_vertical=\u00a0\u00bb10px\u00a0\u00bb box_shadow_blur=\u00a0\u00bb80px\u00a0\u00bb box_shadow_spread=\u00a0\u00bb-10px\u00a0\u00bb box_shadow_color=\u00a0\u00bbrgba(44,54,92,0.2)\u00a0\u00bb locked=\u00a0\u00bboff\u00a0\u00bb global_colors_info=\u00a0\u00bb{}\u00a0\u00bb]<\/p>\n<p>Prenez un rendez-vous t\u00e9l\u00e9phonique ou en agence<\/p>\n<p><a href=\"https:\/\/cspm-assurances.com\/index.php\/prendre-rendez-vous\/\"><strong>Prenez rendez-vous maintenant<\/strong><\/a><\/p>\n<p>[\/et_pb_blurb][\/et_pb_column][\/et_pb_row][et_pb_row _builder_version=\u00a0\u00bb4.17.4&Prime; _module_preset=\u00a0\u00bbdefault\u00a0\u00bb global_colors_info=\u00a0\u00bb{}\u00a0\u00bb][et_pb_column type=\u00a0\u00bb4_4&Prime; _builder_version=\u00a0\u00bb4.17.4&Prime; _module_preset=\u00a0\u00bbdefault\u00a0\u00bb global_colors_info=\u00a0\u00bb{}\u00a0\u00bb][et_pb_text _builder_version=\u00a0\u00bb4.18.0&Prime; _module_preset=\u00a0\u00bbdefault\u00a0\u00bb header_text_align=\u00a0\u00bbcenter\u00a0\u00bb header_text_color=\u00a0\u00bbrgba(255,255,255,0)\u00a0\u00bb header_font_size=\u00a0\u00bb3px\u00a0\u00bb global_colors_info=\u00a0\u00bb{}\u00a0\u00bb]<\/p>\n<h1>Mutuelle sant\u00e9 SwissLife- Pr\u00e9voyance\u00a0SwissLife -courtier en assurance mutuelle-assurance mutuelle avec de grosses garanties\u2013assurance mutuelle non responsable\u2013contrat non responsable mutuelle\u2013assurance de Paris\u2013assurance de Cannes\u2013Assurance de Lyon\u2013Assurance de Marseille\u2013Assurance de Aix-en-Provence\u2013Assurance de Monaco\u2013Assurance de Deauville\u2013Assurance de Bretagne\u2013ancien assureur en Bretagne\u2013ancien assureur \u00e0 Paris\u2013vieux courtier en assurance \u00e0 Paris\u2013vieux courtier en assurance \u00e0 Lyon\u2013vieux courtier en assurance \u00e0 Montmartre\u2013vieux courtier en assurance \u00e0 Paris 16e-agence de courtage en assurance Paris Montmartre-agence de courtage en assurance Paris-16e-cabinet de courtage en assurance-cabinet de courtage en assurance Paris\u2013cabinet de courtage en assurance cannois\u2013cabinet de courtage en assurance Lyon-vieux cabinet de courtage en assurances-premier cabinet de courtage en assurance-num\u00e9ro 1 des courtiers en assurances- num\u00e9ro 1 des courtiers\u00a0 en assurances\u00a0 \u00e0 Paris-N\u00b01 des courtiers\u00a0 en assurances \u00e0 Cannes-assurance \u00e0 Villers-assurance pour les professionnels-assurance sp\u00e9cialis\u00e9 pour les professionnels de l&rsquo;automobile-assurance sp\u00e9cialis\u00e9e dans le transport de marchandises\u2013assurance sp\u00e9cialiste des risques industriels\u2013assurance commerce de proximit\u00e9\u2013assurance supermarch\u00e9 de proximit\u00e9\u2013assurance dommages ouvrage-assurance qui rembourse m\u00eame si on est responsable-trouver une protection juridique\u2013souscrire une protection juridique\u2013souscrire une protection juridique professionnel\u2013souscrire une protection juridique avec Juridique\u2013souscrire une protection juridique avec Groupama\u2013souscrire une protection juridique avec Allianz-Devis assurance habitation-David Assurance-assurer simplement une voiture\u2013assurance automobile Simple rapide-assurance automobile avec de bonnes garanties-assurance automobile qui rembourse bien\u2013assurance automobile qui rembourse rapidement\u2013assurance qui rembourse rapidement-mutuelle qui rembourse rapidement\u2013pr\u00e9voyance-individuelle\u2013pr\u00e9voyance et sant\u00e9 collective-obtenir des informations sur la\u00a0pr\u00e9voyance-obtenir un devis de\u00a0pr\u00e9voyance-souscrire une pr\u00e9voyance imm\u00e9diatement-souscrire imm\u00e9diatement une mutuelle-souscrire une mutuelle sans frais-assurance sans frais cach\u00e9s-mutuelle sans d\u00e9lai d&rsquo;attente-mutuelle sant\u00e9 100 % sant\u00e9\u2013mutuelle sant\u00e9 sans d\u00e9lai de carence-courtier qui propose une mutuelle sans d\u00e9lai de carence-courtier qui propose un plan \u00e9pargne retraite\u2013Courtier qui conseille\u2013courtier qui donne des conseils.<\/h1>\n<p>[\/et_pb_text][\/et_pb_column][\/et_pb_row][\/et_pb_section]<\/p>\n","protected":false},"excerpt":{"rendered":"<p>Comment changer de mutuelle sant\u00e9 ? &nbsp; Pour changer votre contrat de mutuelle sant\u00e9, voici les \u00e9tapes g\u00e9n\u00e9rales que vous pouvez suivre : 1. \u00c9valuation de vos besoins : Identifiez vos besoins en mati\u00e8re de couverture sant\u00e9. R\u00e9fl\u00e9chissez aux garanties et aux services sp\u00e9cifiques dont vous avez besoin, tels que les consultations sp\u00e9cialis\u00e9es, les soins [&hellip;]<\/p>\n","protected":false},"author":2,"featured_media":0,"parent":0,"menu_order":0,"comment_status":"closed","ping_status":"closed","template":"","meta":{"_et_pb_use_builder":"on","_et_pb_old_content":"","_et_gb_content_width":"","footnotes":""},"class_list":["post-5577","page","type-page","status-publish","hentry"],"_links":{"self":[{"href":"https:\/\/cspm-assurances.com\/index.php\/wp-json\/wp\/v2\/pages\/5577","targetHints":{"allow":["GET"]}}],"collection":[{"href":"https:\/\/cspm-assurances.com\/index.php\/wp-json\/wp\/v2\/pages"}],"about":[{"href":"https:\/\/cspm-assurances.com\/index.php\/wp-json\/wp\/v2\/types\/page"}],"author":[{"embeddable":true,"href":"https:\/\/cspm-assurances.com\/index.php\/wp-json\/wp\/v2\/users\/2"}],"replies":[{"embeddable":true,"href":"https:\/\/cspm-assurances.com\/index.php\/wp-json\/wp\/v2\/comments?post=5577"}],"version-history":[{"count":5,"href":"https:\/\/cspm-assurances.com\/index.php\/wp-json\/wp\/v2\/pages\/5577\/revisions"}],"predecessor-version":[{"id":5626,"href":"https:\/\/cspm-assurances.com\/index.php\/wp-json\/wp\/v2\/pages\/5577\/revisions\/5626"}],"wp:attachment":[{"href":"https:\/\/cspm-assurances.com\/index.php\/wp-json\/wp\/v2\/media?parent=5577"}],"curies":[{"name":"wp","href":"https:\/\/api.w.org\/{rel}","templated":true}]}}